{"id":25320,"date":"2025-04-24T21:47:17","date_gmt":"2025-04-24T21:47:17","guid":{"rendered":"https:\/\/feeldis.com\/store\/mind-unleashed-kuenstlerisches-t-shirt-hoodie-surreales-gesicht-im-rauch-design\/"},"modified":"2025-04-24T21:47:17","modified_gmt":"2025-04-24T21:47:17","slug":"mind-unleashed-kuenstlerisches-t-shirt-hoodie-surreales-gesicht-im-rauch-design","status":"publish","type":"product","link":"https:\/\/feeldis.com\/de\/store\/mind-unleashed-kuenstlerisches-t-shirt-hoodie-surreales-gesicht-im-rauch-design\/","title":{"rendered":"\u201eMind Unleashed\u201c K\u00fcnstlerisches T-Shirt &amp; Hoodie &#8211; Surreales Gesicht im Rauch Design"},"content":{"rendered":"<p>Lassen Sie Ihr Outfit Ihre Meinung sagen. Das T-Shirt und der Kapuzenpulli \u201eMind Unleashed\u201c erwecken eine kraftvolle visuelle Erz\u00e4hlung zum Leben &#8211; ein menschliches Gesicht, das auftaucht und sich in Wellen von Rauch aufl\u00f6st. Egal, ob Sie ein K\u00fcnstler, ein Tr\u00e4umer oder einfach jemand sind, der visuelle Tiefe sch\u00e4tzt, dieser Aufdruck ist ein Gespr\u00e4chsanlass.  <\/p>\n<p><strong>T-Shirt Eigenschaften:<\/strong><\/p>\n<ul>\n<li><strong>Material:<\/strong> 100% Baumwolle (hellgrau meliert: 97% Baumwolle, 3% Viskose; dunkelgrau meliert: 85% Baumwolle, 15% Viskose)<\/li>\n<li><strong>Gewicht:<\/strong> 160 g\/m\u00b2 &#8211; leicht und atmungsaktiv<\/li>\n<li><strong>Konstruktion:<\/strong> Schlauchf\u00f6rmiger Schnitt ohne Seitenn\u00e4hte f\u00fcr optimalen Komfort<\/li>\n<li><strong>Extras:<\/strong> Elastischer Kragen mit 5% Elastan, verst\u00e4rkte Schultern\u00e4hte, Silikonausr\u00fcstung f\u00fcr mehr Weichheit und weniger Pilling<\/li>\n<\/ul>\n<p><strong>Hoodie Merkmale:<\/strong><\/p>\n<ul>\n<li><strong>Material:<\/strong> 100% Baumwolle, dicker 190 g\/m\u00b2 Stoff f\u00fcr W\u00e4rme und Haltbarkeit<\/li>\n<li><strong>Stil:<\/strong> Klassische Passform mit praktischer K\u00e4ngurutasche<\/li>\n<li><strong>Farben:<\/strong> Schwarz, Blau, Rot<\/li>\n<li><strong>Gr\u00f6\u00dfen:<\/strong> XS bis XXXXXL<\/li>\n<\/ul>\n<p><strong>T-Shirt Verf\u00fcgbare Farben:<\/strong> Wei\u00df, Schwarz, Gr\u00fcn, Orange, Rot, Rosa, Blau<\/p>\n<p><strong>Perfekt f\u00fcr:<\/strong><\/p>\n<ul>\n<li>Ausdruck einer k\u00fcnstlerischen oder introspektiven Pers\u00f6nlichkeit<\/li>\n<li>Modebewusste Menschen mit einer Vorliebe f\u00fcr surreales Design<\/li>\n<li>Kreative Fachleute, Psychologiestudenten, tiefgr\u00fcndige Denker<\/li>\n<\/ul>\n<p><strong><img decoding=\"async\" class=\"\" src=\"https:\/\/i00.eu\/img\/532\/80x80f\/9iw9lwxq\/189606.png\" alt=\"Weltweit verantwortungsvolle akkreditierte Produktion (WRAP)\">    <img decoding=\"async\" src=\"https:\/\/i00.eu\/img\/532\/80x80f\/2hpi9lsb\/189607.png\" alt=\"Amfori BSCI\"><img decoding=\"async\" src=\"https:\/\/i00.eu\/img\/532\/80x80f\/d40u29s7\/209045.png\" alt=\"\u00d6ko-Tex Standard 100\" width=\"80\" height=\"80\"><\/strong><\/p>\n<p><strong>Haftungsausschluss:<\/strong><br \/>\nBitte beachten Sie, dass die auf Ihrem Bildschirm angezeigten Farben leicht vom tats\u00e4chlichen Produkt abweichen k\u00f6nnen. Die Bilder dienen nur zu Illustrationszwecken. <\/p>\n","protected":false},"excerpt":{"rendered":"<p>Bringen Sie die Kraft der Fantasie zum Ausdruck mit dem T-Shirt oder Hoodie \u201eMind Unleashed\u201c. Mit einem surrealen Gesicht, das sich in Rauch aufl\u00f6st, ist dieses Design ein Statement f\u00fcr kreative Freiheit und Introspektion. <\/p>\n","protected":false},"featured_media":24563,"comment_status":"open","ping_status":"closed","template":"","meta":[],"product_brand":[502],"product_cat":[990,15],"product_tag":[927,929,928],"class_list":{"0":"post-25320","1":"product","2":"type-product","3":"status-publish","4":"has-post-thumbnail","6":"product_brand-raven-craft","7":"product_cat-kleidung","8":"product_cat-uncategorized","9":"product_tag-kunstlerischer-kapuzenpulli","10":"product_tag-shirt-mit-abstraktem-gesicht","11":"product_tag-surreales-kunst-t-shirt","12":"product_shipping_class-1-kg-de","13":"pa_colors-blau","14":"pa_colors-grun","15":"pa_colors-orange-de","16":"pa_colors-rosa","17":"pa_colors-rot","18":"pa_colors-schwarz","19":"pa_colors-weis","21":"first","22":"instock","23":"shipping-taxable","24":"purchasable","25":"product-type-variable"},"exclude_global_add_ons":[],"addons":[],"yoast_head":"<!-- This site is optimized with the Yoast SEO Premium plugin v23.6 (Yoast SEO v27.4) - https:\/\/yoast.com\/product\/yoast-seo-premium-wordpress\/ -->\n<title>\u201eMind Unleashed\u201c K\u00fcnstlerisches T-Shirt &amp; Kapuzenpulli - Surreales Gesicht im Rauchdruck<\/title>\n<meta name=\"description\" content=\"Heben Sie Ihren Stil mit dem Aufdruck \u201eMind Unleashed\u201c hervor - ein surreales Gesicht im Rauch auf hochwertigen T-Shirts und Hoodies. Kaufen Sie jetzt ein und bringen Sie die Kunst in sich zum Ausdruck.\" \/>\n<meta name=\"robots\" content=\"index, follow, max-snippet:-1, max-image-preview:large, max-video-preview:-1\" \/>\n<link rel=\"canonical\" href=\"https:\/\/feeldis.com\/de\/store\/mind-unleashed-kuenstlerisches-t-shirt-hoodie-surreales-gesicht-im-rauch-design\/\" \/>\n<meta property=\"og:locale\" content=\"de_DE\" \/>\n<meta property=\"og:type\" content=\"article\" \/>\n<meta property=\"og:title\" content=\"\u201eMind Unleashed\u201c K\u00fcnstlerisches T-Shirt &amp; Hoodie - Surreales Gesicht im Rauch Design\" \/>\n<meta property=\"og:description\" content=\"Heben Sie Ihren Stil mit dem Aufdruck \u201eMind Unleashed\u201c hervor - ein surreales Gesicht im Rauch auf hochwertigen T-Shirts und Hoodies. Kaufen Sie jetzt ein und bringen Sie die Kunst in sich zum Ausdruck.\" \/>\n<meta property=\"og:url\" content=\"https:\/\/feeldis.com\/de\/store\/mind-unleashed-kuenstlerisches-t-shirt-hoodie-surreales-gesicht-im-rauch-design\/\" \/>\n<meta property=\"og:site_name\" content=\"feeldis.com\" \/>\n<meta property=\"og:image\" content=\"https:\/\/feeldis.com\/wp-content\/uploads\/2025\/04\/woman-sitting-front-facing-in-wildflower-field-dur.jpg\" \/>\n\t<meta property=\"og:image:width\" content=\"1024\" \/>\n\t<meta property=\"og:image:height\" content=\"1365\" \/>\n\t<meta property=\"og:image:type\" content=\"image\/jpeg\" \/>\n<meta name=\"twitter:card\" content=\"summary_large_image\" \/>\n<meta name=\"twitter:label1\" content=\"Verf\u00fcgbarkeit\" \/>\n\t<meta name=\"twitter:data1\" content=\"Auf Lager\" \/>\n<script type=\"application\/ld+json\" class=\"yoast-schema-graph\">{\"@context\":\"https:\\\/\\\/schema.org\",\"@graph\":[{\"@type\":\"WebPage\",\"@id\":\"https:\\\/\\\/feeldis.com\\\/de\\\/store\\\/mind-unleashed-kuenstlerisches-t-shirt-hoodie-surreales-gesicht-im-rauch-design\\\/\",\"url\":\"https:\\\/\\\/feeldis.com\\\/de\\\/store\\\/mind-unleashed-kuenstlerisches-t-shirt-hoodie-surreales-gesicht-im-rauch-design\\\/\",\"name\":\"\u201eMind Unleashed\u201c K\u00fcnstlerisches T-Shirt & Kapuzenpulli - Surreales Gesicht im Rauchdruck\",\"isPartOf\":{\"@id\":\"https:\\\/\\\/feeldis.com\\\/de\\\/#website\"},\"primaryImageOfPage\":{\"@id\":\"https:\\\/\\\/feeldis.com\\\/de\\\/store\\\/mind-unleashed-kuenstlerisches-t-shirt-hoodie-surreales-gesicht-im-rauch-design\\\/#primaryimage\"},\"image\":{\"@id\":\"https:\\\/\\\/feeldis.com\\\/de\\\/store\\\/mind-unleashed-kuenstlerisches-t-shirt-hoodie-surreales-gesicht-im-rauch-design\\\/#primaryimage\"},\"thumbnailUrl\":\"https:\\\/\\\/feeldis.com\\\/wp-content\\\/uploads\\\/2025\\\/04\\\/woman-sitting-front-facing-in-wildflower-field-dur.jpg\",\"datePublished\":\"2025-04-24T21:47:17+00:00\",\"description\":\"Heben Sie Ihren Stil mit dem Aufdruck \u201eMind Unleashed\u201c hervor - ein surreales Gesicht im Rauch auf hochwertigen T-Shirts und Hoodies. Kaufen Sie jetzt ein und bringen Sie die Kunst in sich zum Ausdruck.\",\"breadcrumb\":{\"@id\":\"https:\\\/\\\/feeldis.com\\\/de\\\/store\\\/mind-unleashed-kuenstlerisches-t-shirt-hoodie-surreales-gesicht-im-rauch-design\\\/#breadcrumb\"},\"inLanguage\":\"de\",\"potentialAction\":[{\"@type\":\"ReadAction\",\"target\":[\"https:\\\/\\\/feeldis.com\\\/de\\\/store\\\/mind-unleashed-kuenstlerisches-t-shirt-hoodie-surreales-gesicht-im-rauch-design\\\/\"]}]},{\"@type\":\"ImageObject\",\"inLanguage\":\"de\",\"@id\":\"https:\\\/\\\/feeldis.com\\\/de\\\/store\\\/mind-unleashed-kuenstlerisches-t-shirt-hoodie-surreales-gesicht-im-rauch-design\\\/#primaryimage\",\"url\":\"https:\\\/\\\/feeldis.com\\\/wp-content\\\/uploads\\\/2025\\\/04\\\/woman-sitting-front-facing-in-wildflower-field-dur.jpg\",\"contentUrl\":\"https:\\\/\\\/feeldis.com\\\/wp-content\\\/uploads\\\/2025\\\/04\\\/woman-sitting-front-facing-in-wildflower-field-dur.jpg\",\"width\":1024,\"height\":1365,\"caption\":\"A thought-provoking artistic T-shirt featuring a dreamlike face emerging in smoke\"},{\"@type\":\"BreadcrumbList\",\"@id\":\"https:\\\/\\\/feeldis.com\\\/de\\\/store\\\/mind-unleashed-kuenstlerisches-t-shirt-hoodie-surreales-gesicht-im-rauch-design\\\/#breadcrumb\",\"itemListElement\":[{\"@type\":\"ListItem\",\"position\":1,\"name\":\"Home\",\"item\":\"https:\\\/\\\/feeldis.com\\\/de\\\/art-zone\\\/\"},{\"@type\":\"ListItem\",\"position\":2,\"name\":\"Store\",\"item\":\"https:\\\/\\\/feeldis.com\\\/store\\\/\"},{\"@type\":\"ListItem\",\"position\":3,\"name\":\"\u201eMind Unleashed\u201c K\u00fcnstlerisches T-Shirt &amp; Hoodie &#8211; Surreales Gesicht im Rauch Design\"}]},{\"@type\":\"WebSite\",\"@id\":\"https:\\\/\\\/feeldis.com\\\/de\\\/#website\",\"url\":\"https:\\\/\\\/feeldis.com\\\/de\\\/\",\"name\":\"feeldis.com\",\"description\":\"\",\"publisher\":{\"@id\":\"https:\\\/\\\/feeldis.com\\\/de\\\/#organization\"},\"potentialAction\":[{\"@type\":\"SearchAction\",\"target\":{\"@type\":\"EntryPoint\",\"urlTemplate\":\"https:\\\/\\\/feeldis.com\\\/de\\\/?s={search_term_string}\"},\"query-input\":{\"@type\":\"PropertyValueSpecification\",\"valueRequired\":true,\"valueName\":\"search_term_string\"}}],\"inLanguage\":\"de\"},{\"@type\":\"Organization\",\"@id\":\"https:\\\/\\\/feeldis.com\\\/de\\\/#organization\",\"name\":\"feeldis.com\",\"url\":\"https:\\\/\\\/feeldis.com\\\/de\\\/\",\"logo\":{\"@type\":\"ImageObject\",\"inLanguage\":\"de\",\"@id\":\"https:\\\/\\\/feeldis.com\\\/de\\\/#\\\/schema\\\/logo\\\/image\\\/\",\"url\":\"https:\\\/\\\/feeldis.com\\\/wp-content\\\/uploads\\\/2024\\\/03\\\/logo-main-feeldis.png\",\"contentUrl\":\"https:\\\/\\\/feeldis.com\\\/wp-content\\\/uploads\\\/2024\\\/03\\\/logo-main-feeldis.png\",\"width\":1070,\"height\":272,\"caption\":\"feeldis.com\"},\"image\":{\"@id\":\"https:\\\/\\\/feeldis.com\\\/de\\\/#\\\/schema\\\/logo\\\/image\\\/\"}}]}<\/script>\n<meta property=\"og:availability\" content=\"instock\" \/>\n<meta property=\"product:availability\" content=\"instock\" \/>\n<meta property=\"product:retailer_item_id\" content=\"T1628\" \/>\n<meta property=\"product:condition\" content=\"new\" \/>\n<!-- \/ Yoast SEO Premium plugin. -->","yoast_head_json":{"title":"\u201eMind Unleashed\u201c K\u00fcnstlerisches T-Shirt & Kapuzenpulli - Surreales Gesicht im Rauchdruck","description":"Heben Sie Ihren Stil mit dem Aufdruck \u201eMind Unleashed\u201c hervor - ein surreales Gesicht im Rauch auf hochwertigen T-Shirts und Hoodies. Kaufen Sie jetzt ein und bringen Sie die Kunst in sich zum Ausdruck.","robots":{"index":"index","follow":"follow","max-snippet":"max-snippet:-1","max-image-preview":"max-image-preview:large","max-video-preview":"max-video-preview:-1"},"canonical":"https:\/\/feeldis.com\/de\/store\/mind-unleashed-kuenstlerisches-t-shirt-hoodie-surreales-gesicht-im-rauch-design\/","og_locale":"de_DE","og_type":"article","og_title":"\u201eMind Unleashed\u201c K\u00fcnstlerisches T-Shirt &amp; Hoodie - Surreales Gesicht im Rauch Design","og_description":"Heben Sie Ihren Stil mit dem Aufdruck \u201eMind Unleashed\u201c hervor - ein surreales Gesicht im Rauch auf hochwertigen T-Shirts und Hoodies. Kaufen Sie jetzt ein und bringen Sie die Kunst in sich zum Ausdruck.","og_url":"https:\/\/feeldis.com\/de\/store\/mind-unleashed-kuenstlerisches-t-shirt-hoodie-surreales-gesicht-im-rauch-design\/","og_site_name":"feeldis.com","og_image":[{"width":1024,"height":1365,"url":"https:\/\/feeldis.com\/wp-content\/uploads\/2025\/04\/woman-sitting-front-facing-in-wildflower-field-dur.jpg","type":"image\/jpeg"}],"twitter_card":"summary_large_image","twitter_misc":{"Verf\u00fcgbarkeit":"Auf Lager"},"schema":{"@context":"https:\/\/schema.org","@graph":[{"@type":"WebPage","@id":"https:\/\/feeldis.com\/de\/store\/mind-unleashed-kuenstlerisches-t-shirt-hoodie-surreales-gesicht-im-rauch-design\/","url":"https:\/\/feeldis.com\/de\/store\/mind-unleashed-kuenstlerisches-t-shirt-hoodie-surreales-gesicht-im-rauch-design\/","name":"\u201eMind Unleashed\u201c K\u00fcnstlerisches T-Shirt & Kapuzenpulli - Surreales Gesicht im Rauchdruck","isPartOf":{"@id":"https:\/\/feeldis.com\/de\/#website"},"primaryImageOfPage":{"@id":"https:\/\/feeldis.com\/de\/store\/mind-unleashed-kuenstlerisches-t-shirt-hoodie-surreales-gesicht-im-rauch-design\/#primaryimage"},"image":{"@id":"https:\/\/feeldis.com\/de\/store\/mind-unleashed-kuenstlerisches-t-shirt-hoodie-surreales-gesicht-im-rauch-design\/#primaryimage"},"thumbnailUrl":"https:\/\/feeldis.com\/wp-content\/uploads\/2025\/04\/woman-sitting-front-facing-in-wildflower-field-dur.jpg","datePublished":"2025-04-24T21:47:17+00:00","description":"Heben Sie Ihren Stil mit dem Aufdruck \u201eMind Unleashed\u201c hervor - ein surreales Gesicht im Rauch auf hochwertigen T-Shirts und Hoodies. Kaufen Sie jetzt ein und bringen Sie die Kunst in sich zum Ausdruck.","breadcrumb":{"@id":"https:\/\/feeldis.com\/de\/store\/mind-unleashed-kuenstlerisches-t-shirt-hoodie-surreales-gesicht-im-rauch-design\/#breadcrumb"},"inLanguage":"de","potentialAction":[{"@type":"ReadAction","target":["https:\/\/feeldis.com\/de\/store\/mind-unleashed-kuenstlerisches-t-shirt-hoodie-surreales-gesicht-im-rauch-design\/"]}]},{"@type":"ImageObject","inLanguage":"de","@id":"https:\/\/feeldis.com\/de\/store\/mind-unleashed-kuenstlerisches-t-shirt-hoodie-surreales-gesicht-im-rauch-design\/#primaryimage","url":"https:\/\/feeldis.com\/wp-content\/uploads\/2025\/04\/woman-sitting-front-facing-in-wildflower-field-dur.jpg","contentUrl":"https:\/\/feeldis.com\/wp-content\/uploads\/2025\/04\/woman-sitting-front-facing-in-wildflower-field-dur.jpg","width":1024,"height":1365,"caption":"A thought-provoking artistic T-shirt featuring a dreamlike face emerging in smoke"},{"@type":"BreadcrumbList","@id":"https:\/\/feeldis.com\/de\/store\/mind-unleashed-kuenstlerisches-t-shirt-hoodie-surreales-gesicht-im-rauch-design\/#breadcrumb","itemListElement":[{"@type":"ListItem","position":1,"name":"Home","item":"https:\/\/feeldis.com\/de\/art-zone\/"},{"@type":"ListItem","position":2,"name":"Store","item":"https:\/\/feeldis.com\/store\/"},{"@type":"ListItem","position":3,"name":"\u201eMind Unleashed\u201c K\u00fcnstlerisches T-Shirt &amp; Hoodie &#8211; Surreales Gesicht im Rauch Design"}]},{"@type":"WebSite","@id":"https:\/\/feeldis.com\/de\/#website","url":"https:\/\/feeldis.com\/de\/","name":"feeldis.com","description":"","publisher":{"@id":"https:\/\/feeldis.com\/de\/#organization"},"potentialAction":[{"@type":"SearchAction","target":{"@type":"EntryPoint","urlTemplate":"https:\/\/feeldis.com\/de\/?s={search_term_string}"},"query-input":{"@type":"PropertyValueSpecification","valueRequired":true,"valueName":"search_term_string"}}],"inLanguage":"de"},{"@type":"Organization","@id":"https:\/\/feeldis.com\/de\/#organization","name":"feeldis.com","url":"https:\/\/feeldis.com\/de\/","logo":{"@type":"ImageObject","inLanguage":"de","@id":"https:\/\/feeldis.com\/de\/#\/schema\/logo\/image\/","url":"https:\/\/feeldis.com\/wp-content\/uploads\/2024\/03\/logo-main-feeldis.png","contentUrl":"https:\/\/feeldis.com\/wp-content\/uploads\/2024\/03\/logo-main-feeldis.png","width":1070,"height":272,"caption":"feeldis.com"},"image":{"@id":"https:\/\/feeldis.com\/de\/#\/schema\/logo\/image\/"}}]},"og_availability":"instock","product_availability":"instock","product_retailer_item_id":"T1628","product_condition":"new"},"_links":{"self":[{"href":"https:\/\/feeldis.com\/de\/wp-json\/wp\/v2\/product\/25320","targetHints":{"allow":["GET"]}}],"collection":[{"href":"https:\/\/feeldis.com\/de\/wp-json\/wp\/v2\/product"}],"about":[{"href":"https:\/\/feeldis.com\/de\/wp-json\/wp\/v2\/types\/product"}],"replies":[{"embeddable":true,"href":"https:\/\/feeldis.com\/de\/wp-json\/wp\/v2\/comments?post=25320"}],"wp:featuredmedia":[{"embeddable":true,"href":"https:\/\/feeldis.com\/de\/wp-json\/wp\/v2\/media\/24563"}],"wp:attachment":[{"href":"https:\/\/feeldis.com\/de\/wp-json\/wp\/v2\/media?parent=25320"}],"wp:term":[{"taxonomy":"product_brand","embeddable":true,"href":"https:\/\/feeldis.com\/de\/wp-json\/wp\/v2\/product_brand?post=25320"},{"taxonomy":"product_cat","embeddable":true,"href":"https:\/\/feeldis.com\/de\/wp-json\/wp\/v2\/product_cat?post=25320"},{"taxonomy":"product_tag","embeddable":true,"href":"https:\/\/feeldis.com\/de\/wp-json\/wp\/v2\/product_tag?post=25320"}],"curies":[{"name":"wp","href":"https:\/\/api.w.org\/{rel}","templated":true}]}}