{"id":25398,"date":"2025-04-24T21:16:01","date_gmt":"2025-04-24T21:16:01","guid":{"rendered":"https:\/\/feeldis.com\/store\/hoo-knows-everything-eule-t-shirt-kapuzenpulli-lebendiges-und-kluges-design\/"},"modified":"2025-04-24T21:16:01","modified_gmt":"2025-04-24T21:16:01","slug":"hoo-knows-everything-eule-t-shirt-kapuzenpulli-lebendiges-und-kluges-design","status":"publish","type":"product","link":"https:\/\/feeldis.com\/de\/store\/hoo-knows-everything-eule-t-shirt-kapuzenpulli-lebendiges-und-kluges-design\/","title":{"rendered":"\u201eHoo Knows Everything?\u201c Eule T-Shirt &amp; Kapuzenpulli &#8211; Lebendiges und kluges Design"},"content":{"rendered":"<p>Treten Sie ins Rampenlicht mit einem Design, das die Aufmerksamkeit auf sich zieht und f\u00fcr Gespr\u00e4chsstoff sorgt. Das \u201eHoo Knows Everything?\u201c T-Shirt und der Kapuzenpulli zeigen eine atemberaubend lebendige Eulenillustration, die vor Farbe, Haltung und Geheimnis strotzt. Egal, ob Sie ein Fan von n\u00e4chtlichen Kreaturen sind oder einfach nur auff\u00e4llige grafische Mode lieben, dieser Aufdruck erweckt Weisheit und Witz zum Leben.   <\/p>\n<p><strong>T-Shirt Eigenschaften:<\/strong><\/p>\n<ul>\n<li><strong>Material<\/strong>: 100% Baumwolle (hellgrau meliert: 97% Baumwolle, 3% Viskose; dunkelgrau meliert: 85% Baumwolle, 15% Viskose)<\/li>\n<li><strong>Stoffgewicht<\/strong>: 160 g\/m\u00b2 &#8211; leicht und atmungsaktiv<\/li>\n<li><strong>Passform &amp; Schnitt<\/strong>: Nahtlose R\u00f6hrenkonstruktion f\u00fcr maximalen Komfort<\/li>\n<li><strong>Details<\/strong>: Gerippter Halsausschnitt mit 5% Elastan, verst\u00e4rkte Schulterabschl\u00fcsse und ein weiches Silikonfinish<\/li>\n<\/ul>\n<p><strong>Hoodie Merkmale:<\/strong><\/p>\n<ul>\n<li><strong>Material<\/strong>: 100% Baumwolle, dichtes 190 g\/m\u00b2 f\u00fcr kuscheligen Tragekomfort<\/li>\n<li><strong>Design<\/strong>: Klassische Passform mit verstellbarer Kapuze und K\u00e4ngurutasche vorne<\/li>\n<li><strong>Farboptionen<\/strong>: Schwarz, Blau und Rot<\/li>\n<li><strong>Verf\u00fcgbare Gr\u00f6\u00dfen<\/strong>: XS, S, M, L, XL, XXL, XXXL, XXXXXL<\/li>\n<\/ul>\n<p><strong>T-Shirt Farben: Orange, Schwarz, Blau, Gr\u00fcn, Rosa, Rot und Wei\u00df<\/strong><\/p>\n<p><strong>Verf\u00fcgbare Gr\u00f6\u00dfen: XS, S, M, L, XL, XXL, XXXL, XXXXXL<\/strong><\/p>\n<p><strong>Perfekt f\u00fcr:<\/strong><\/p>\n<ul>\n<li>Fans von Fantasy, Kleidung zum Thema Weisheit oder einzigartigen Illustrationen<\/li>\n<li>L\u00e4ssige Outfits mit Aussagekraft<\/li>\n<li>Ein Geschenk f\u00fcr Kreative, Denker oder Eulenliebhaber<\/li>\n<\/ul>\n<p><strong><img decoding=\"async\" class=\"\" src=\"https:\/\/i00.eu\/img\/532\/80x80f\/9iw9lwxq\/189606.png\" alt=\"Weltweit verantwortungsvolle akkreditierte Produktion (WRAP)\">    <img decoding=\"async\" src=\"https:\/\/i00.eu\/img\/532\/80x80f\/2hpi9lsb\/189607.png\" alt=\"Amfori BSCI\"><img decoding=\"async\" src=\"https:\/\/i00.eu\/img\/532\/80x80f\/d40u29s7\/209045.png\" alt=\"\u00d6ko-Tex Standard 100\" width=\"80\" height=\"80\"><\/strong><\/p>\n<p><strong>Haftungsausschluss<\/strong>: Bitte beachten Sie, dass die auf Ihrem Bildschirm angezeigten Farben leicht vom tats\u00e4chlichen Produkt abweichen k\u00f6nnen. Die Bilder dienen nur zu Illustrationszwecken. <\/p>\n","protected":false},"excerpt":{"rendered":"<p>Entfesseln Sie Ihre innere Weisheit mit dem mutigen und farbenfrohen \u201eHoo Knows Everything?\u201c-Design. Dieser verspielte Eulenaufdruck auf unseren hochwertigen T-Shirts und Kapuzenpullovern verleiht Ihrer Garderobe einen Hauch von Spa\u00df und Flair. <\/p>\n","protected":false},"featured_media":24237,"comment_status":"open","ping_status":"closed","template":"","meta":[],"product_brand":[502],"product_cat":[990,15],"product_tag":[944,942,943],"class_list":{"0":"post-25398","1":"product","2":"type-product","3":"status-publish","4":"has-post-thumbnail","6":"product_brand-raven-craft","7":"product_cat-kleidung","8":"product_cat-uncategorized","9":"product_tag-bunt-bedruckte-kleidung","10":"product_tag-grafisches-eulen-t-shirt","11":"product_tag-lustiger-eulen-kapuzenpulli","12":"product_shipping_class-1-kg-de","13":"pa_colors-blau","14":"pa_colors-grun","15":"pa_colors-orange-de","16":"pa_colors-rosa","17":"pa_colors-rot","18":"pa_colors-schwarz","19":"pa_colors-weis","21":"first","22":"instock","23":"shipping-taxable","24":"purchasable","25":"product-type-variable"},"exclude_global_add_ons":[],"addons":[],"yoast_head":"<!-- This site is optimized with the Yoast SEO Premium plugin v23.6 (Yoast SEO v27.5) - https:\/\/yoast.com\/product\/yoast-seo-premium-wordpress\/ -->\n<title>\u201eHoo Knows Everything?\u201c T-Shirt &amp; Kapuzenpulli - Buntes Eulen-Design f\u00fcr smarten Style<\/title>\n<meta name=\"description\" content=\"Fallen Sie auf mit dem Eulenaufdruck \u201eHoo Knows Everything?\u201c auf hochwertigen Baumwoll-T-Shirts und Kapuzenpullovern. Hell, frech und voller Weisheit. Jetzt einkaufen!\" \/>\n<meta name=\"robots\" content=\"index, follow, max-snippet:-1, max-image-preview:large, max-video-preview:-1\" \/>\n<link rel=\"canonical\" href=\"https:\/\/feeldis.com\/de\/store\/hoo-knows-everything-eule-t-shirt-kapuzenpulli-lebendiges-und-kluges-design\/\" \/>\n<meta property=\"og:locale\" content=\"de_DE\" \/>\n<meta property=\"og:type\" content=\"article\" \/>\n<meta property=\"og:title\" content=\"\u201eHoo Knows Everything?\u201c Eule T-Shirt &amp; Kapuzenpulli - Lebendiges und kluges Design\" \/>\n<meta property=\"og:description\" content=\"Fallen Sie auf mit dem Eulenaufdruck \u201eHoo Knows Everything?\u201c auf hochwertigen Baumwoll-T-Shirts und Kapuzenpullovern. Hell, frech und voller Weisheit. Jetzt einkaufen!\" \/>\n<meta property=\"og:url\" content=\"https:\/\/feeldis.com\/de\/store\/hoo-knows-everything-eule-t-shirt-kapuzenpulli-lebendiges-und-kluges-design\/\" \/>\n<meta property=\"og:site_name\" content=\"feeldis.com\" \/>\n<meta property=\"og:image\" content=\"https:\/\/feeldis.com\/wp-content\/uploads\/2025\/04\/smiling-woman-walking-directly-toward-camera-on-co-2.jpg\" \/>\n\t<meta property=\"og:image:width\" content=\"1024\" \/>\n\t<meta property=\"og:image:height\" content=\"1365\" \/>\n\t<meta property=\"og:image:type\" content=\"image\/jpeg\" \/>\n<meta name=\"twitter:card\" content=\"summary_large_image\" \/>\n<meta name=\"twitter:label1\" content=\"Verf\u00fcgbarkeit\" \/>\n\t<meta name=\"twitter:data1\" content=\"Auf Lager\" \/>\n<script type=\"application\/ld+json\" class=\"yoast-schema-graph\">{\"@context\":\"https:\\\/\\\/schema.org\",\"@graph\":[{\"@type\":\"WebPage\",\"@id\":\"https:\\\/\\\/feeldis.com\\\/de\\\/store\\\/hoo-knows-everything-eule-t-shirt-kapuzenpulli-lebendiges-und-kluges-design\\\/\",\"url\":\"https:\\\/\\\/feeldis.com\\\/de\\\/store\\\/hoo-knows-everything-eule-t-shirt-kapuzenpulli-lebendiges-und-kluges-design\\\/\",\"name\":\"\u201eHoo Knows Everything?\u201c T-Shirt & Kapuzenpulli - Buntes Eulen-Design f\u00fcr smarten Style\",\"isPartOf\":{\"@id\":\"https:\\\/\\\/feeldis.com\\\/de\\\/#website\"},\"primaryImageOfPage\":{\"@id\":\"https:\\\/\\\/feeldis.com\\\/de\\\/store\\\/hoo-knows-everything-eule-t-shirt-kapuzenpulli-lebendiges-und-kluges-design\\\/#primaryimage\"},\"image\":{\"@id\":\"https:\\\/\\\/feeldis.com\\\/de\\\/store\\\/hoo-knows-everything-eule-t-shirt-kapuzenpulli-lebendiges-und-kluges-design\\\/#primaryimage\"},\"thumbnailUrl\":\"https:\\\/\\\/feeldis.com\\\/wp-content\\\/uploads\\\/2025\\\/04\\\/smiling-woman-walking-directly-toward-camera-on-co-2.jpg\",\"datePublished\":\"2025-04-24T21:16:01+00:00\",\"description\":\"Fallen Sie auf mit dem Eulenaufdruck \u201eHoo Knows Everything?\u201c auf hochwertigen Baumwoll-T-Shirts und Kapuzenpullovern. Hell, frech und voller Weisheit. Jetzt einkaufen!\",\"breadcrumb\":{\"@id\":\"https:\\\/\\\/feeldis.com\\\/de\\\/store\\\/hoo-knows-everything-eule-t-shirt-kapuzenpulli-lebendiges-und-kluges-design\\\/#breadcrumb\"},\"inLanguage\":\"de\",\"potentialAction\":[{\"@type\":\"ReadAction\",\"target\":[\"https:\\\/\\\/feeldis.com\\\/de\\\/store\\\/hoo-knows-everything-eule-t-shirt-kapuzenpulli-lebendiges-und-kluges-design\\\/\"]}]},{\"@type\":\"ImageObject\",\"inLanguage\":\"de\",\"@id\":\"https:\\\/\\\/feeldis.com\\\/de\\\/store\\\/hoo-knows-everything-eule-t-shirt-kapuzenpulli-lebendiges-und-kluges-design\\\/#primaryimage\",\"url\":\"https:\\\/\\\/feeldis.com\\\/wp-content\\\/uploads\\\/2025\\\/04\\\/smiling-woman-walking-directly-toward-camera-on-co-2.jpg\",\"contentUrl\":\"https:\\\/\\\/feeldis.com\\\/wp-content\\\/uploads\\\/2025\\\/04\\\/smiling-woman-walking-directly-toward-camera-on-co-2.jpg\",\"width\":1024,\"height\":1365,\"caption\":\"Smart and stylish, this T-shirt features a bold owl illustration for fans of wisdom and color.\"},{\"@type\":\"BreadcrumbList\",\"@id\":\"https:\\\/\\\/feeldis.com\\\/de\\\/store\\\/hoo-knows-everything-eule-t-shirt-kapuzenpulli-lebendiges-und-kluges-design\\\/#breadcrumb\",\"itemListElement\":[{\"@type\":\"ListItem\",\"position\":1,\"name\":\"Home\",\"item\":\"https:\\\/\\\/feeldis.com\\\/de\\\/art-zone\\\/\"},{\"@type\":\"ListItem\",\"position\":2,\"name\":\"Store\",\"item\":\"https:\\\/\\\/feeldis.com\\\/store\\\/\"},{\"@type\":\"ListItem\",\"position\":3,\"name\":\"\u201eHoo Knows Everything?\u201c Eule T-Shirt &amp; Kapuzenpulli &#8211; Lebendiges und kluges Design\"}]},{\"@type\":\"WebSite\",\"@id\":\"https:\\\/\\\/feeldis.com\\\/de\\\/#website\",\"url\":\"https:\\\/\\\/feeldis.com\\\/de\\\/\",\"name\":\"feeldis.com\",\"description\":\"\",\"publisher\":{\"@id\":\"https:\\\/\\\/feeldis.com\\\/de\\\/#organization\"},\"potentialAction\":[{\"@type\":\"SearchAction\",\"target\":{\"@type\":\"EntryPoint\",\"urlTemplate\":\"https:\\\/\\\/feeldis.com\\\/de\\\/?s={search_term_string}\"},\"query-input\":{\"@type\":\"PropertyValueSpecification\",\"valueRequired\":true,\"valueName\":\"search_term_string\"}}],\"inLanguage\":\"de\"},{\"@type\":\"Organization\",\"@id\":\"https:\\\/\\\/feeldis.com\\\/de\\\/#organization\",\"name\":\"feeldis.com\",\"url\":\"https:\\\/\\\/feeldis.com\\\/de\\\/\",\"logo\":{\"@type\":\"ImageObject\",\"inLanguage\":\"de\",\"@id\":\"https:\\\/\\\/feeldis.com\\\/de\\\/#\\\/schema\\\/logo\\\/image\\\/\",\"url\":\"https:\\\/\\\/feeldis.com\\\/wp-content\\\/uploads\\\/2024\\\/03\\\/logo-main-feeldis.png\",\"contentUrl\":\"https:\\\/\\\/feeldis.com\\\/wp-content\\\/uploads\\\/2024\\\/03\\\/logo-main-feeldis.png\",\"width\":1070,\"height\":272,\"caption\":\"feeldis.com\"},\"image\":{\"@id\":\"https:\\\/\\\/feeldis.com\\\/de\\\/#\\\/schema\\\/logo\\\/image\\\/\"}}]}<\/script>\n<meta property=\"og:availability\" content=\"instock\" \/>\n<meta property=\"product:availability\" content=\"instock\" \/>\n<meta property=\"product:retailer_item_id\" content=\"T1625\" \/>\n<meta property=\"product:condition\" content=\"new\" \/>\n<!-- \/ Yoast SEO Premium plugin. -->","yoast_head_json":{"title":"\u201eHoo Knows Everything?\u201c T-Shirt & Kapuzenpulli - Buntes Eulen-Design f\u00fcr smarten Style","description":"Fallen Sie auf mit dem Eulenaufdruck \u201eHoo Knows Everything?\u201c auf hochwertigen Baumwoll-T-Shirts und Kapuzenpullovern. Hell, frech und voller Weisheit. Jetzt einkaufen!","robots":{"index":"index","follow":"follow","max-snippet":"max-snippet:-1","max-image-preview":"max-image-preview:large","max-video-preview":"max-video-preview:-1"},"canonical":"https:\/\/feeldis.com\/de\/store\/hoo-knows-everything-eule-t-shirt-kapuzenpulli-lebendiges-und-kluges-design\/","og_locale":"de_DE","og_type":"article","og_title":"\u201eHoo Knows Everything?\u201c Eule T-Shirt &amp; Kapuzenpulli - Lebendiges und kluges Design","og_description":"Fallen Sie auf mit dem Eulenaufdruck \u201eHoo Knows Everything?\u201c auf hochwertigen Baumwoll-T-Shirts und Kapuzenpullovern. Hell, frech und voller Weisheit. Jetzt einkaufen!","og_url":"https:\/\/feeldis.com\/de\/store\/hoo-knows-everything-eule-t-shirt-kapuzenpulli-lebendiges-und-kluges-design\/","og_site_name":"feeldis.com","og_image":[{"width":1024,"height":1365,"url":"https:\/\/feeldis.com\/wp-content\/uploads\/2025\/04\/smiling-woman-walking-directly-toward-camera-on-co-2.jpg","type":"image\/jpeg"}],"twitter_card":"summary_large_image","twitter_misc":{"Verf\u00fcgbarkeit":"Auf Lager"},"schema":{"@context":"https:\/\/schema.org","@graph":[{"@type":"WebPage","@id":"https:\/\/feeldis.com\/de\/store\/hoo-knows-everything-eule-t-shirt-kapuzenpulli-lebendiges-und-kluges-design\/","url":"https:\/\/feeldis.com\/de\/store\/hoo-knows-everything-eule-t-shirt-kapuzenpulli-lebendiges-und-kluges-design\/","name":"\u201eHoo Knows Everything?\u201c T-Shirt & Kapuzenpulli - Buntes Eulen-Design f\u00fcr smarten Style","isPartOf":{"@id":"https:\/\/feeldis.com\/de\/#website"},"primaryImageOfPage":{"@id":"https:\/\/feeldis.com\/de\/store\/hoo-knows-everything-eule-t-shirt-kapuzenpulli-lebendiges-und-kluges-design\/#primaryimage"},"image":{"@id":"https:\/\/feeldis.com\/de\/store\/hoo-knows-everything-eule-t-shirt-kapuzenpulli-lebendiges-und-kluges-design\/#primaryimage"},"thumbnailUrl":"https:\/\/feeldis.com\/wp-content\/uploads\/2025\/04\/smiling-woman-walking-directly-toward-camera-on-co-2.jpg","datePublished":"2025-04-24T21:16:01+00:00","description":"Fallen Sie auf mit dem Eulenaufdruck \u201eHoo Knows Everything?\u201c auf hochwertigen Baumwoll-T-Shirts und Kapuzenpullovern. Hell, frech und voller Weisheit. Jetzt einkaufen!","breadcrumb":{"@id":"https:\/\/feeldis.com\/de\/store\/hoo-knows-everything-eule-t-shirt-kapuzenpulli-lebendiges-und-kluges-design\/#breadcrumb"},"inLanguage":"de","potentialAction":[{"@type":"ReadAction","target":["https:\/\/feeldis.com\/de\/store\/hoo-knows-everything-eule-t-shirt-kapuzenpulli-lebendiges-und-kluges-design\/"]}]},{"@type":"ImageObject","inLanguage":"de","@id":"https:\/\/feeldis.com\/de\/store\/hoo-knows-everything-eule-t-shirt-kapuzenpulli-lebendiges-und-kluges-design\/#primaryimage","url":"https:\/\/feeldis.com\/wp-content\/uploads\/2025\/04\/smiling-woman-walking-directly-toward-camera-on-co-2.jpg","contentUrl":"https:\/\/feeldis.com\/wp-content\/uploads\/2025\/04\/smiling-woman-walking-directly-toward-camera-on-co-2.jpg","width":1024,"height":1365,"caption":"Smart and stylish, this T-shirt features a bold owl illustration for fans of wisdom and color."},{"@type":"BreadcrumbList","@id":"https:\/\/feeldis.com\/de\/store\/hoo-knows-everything-eule-t-shirt-kapuzenpulli-lebendiges-und-kluges-design\/#breadcrumb","itemListElement":[{"@type":"ListItem","position":1,"name":"Home","item":"https:\/\/feeldis.com\/de\/art-zone\/"},{"@type":"ListItem","position":2,"name":"Store","item":"https:\/\/feeldis.com\/store\/"},{"@type":"ListItem","position":3,"name":"\u201eHoo Knows Everything?\u201c Eule T-Shirt &amp; Kapuzenpulli &#8211; Lebendiges und kluges Design"}]},{"@type":"WebSite","@id":"https:\/\/feeldis.com\/de\/#website","url":"https:\/\/feeldis.com\/de\/","name":"feeldis.com","description":"","publisher":{"@id":"https:\/\/feeldis.com\/de\/#organization"},"potentialAction":[{"@type":"SearchAction","target":{"@type":"EntryPoint","urlTemplate":"https:\/\/feeldis.com\/de\/?s={search_term_string}"},"query-input":{"@type":"PropertyValueSpecification","valueRequired":true,"valueName":"search_term_string"}}],"inLanguage":"de"},{"@type":"Organization","@id":"https:\/\/feeldis.com\/de\/#organization","name":"feeldis.com","url":"https:\/\/feeldis.com\/de\/","logo":{"@type":"ImageObject","inLanguage":"de","@id":"https:\/\/feeldis.com\/de\/#\/schema\/logo\/image\/","url":"https:\/\/feeldis.com\/wp-content\/uploads\/2024\/03\/logo-main-feeldis.png","contentUrl":"https:\/\/feeldis.com\/wp-content\/uploads\/2024\/03\/logo-main-feeldis.png","width":1070,"height":272,"caption":"feeldis.com"},"image":{"@id":"https:\/\/feeldis.com\/de\/#\/schema\/logo\/image\/"}}]},"og_availability":"instock","product_availability":"instock","product_retailer_item_id":"T1625","product_condition":"new"},"_links":{"self":[{"href":"https:\/\/feeldis.com\/de\/wp-json\/wp\/v2\/product\/25398","targetHints":{"allow":["GET"]}}],"collection":[{"href":"https:\/\/feeldis.com\/de\/wp-json\/wp\/v2\/product"}],"about":[{"href":"https:\/\/feeldis.com\/de\/wp-json\/wp\/v2\/types\/product"}],"replies":[{"embeddable":true,"href":"https:\/\/feeldis.com\/de\/wp-json\/wp\/v2\/comments?post=25398"}],"wp:featuredmedia":[{"embeddable":true,"href":"https:\/\/feeldis.com\/de\/wp-json\/wp\/v2\/media\/24237"}],"wp:attachment":[{"href":"https:\/\/feeldis.com\/de\/wp-json\/wp\/v2\/media?parent=25398"}],"wp:term":[{"taxonomy":"product_brand","embeddable":true,"href":"https:\/\/feeldis.com\/de\/wp-json\/wp\/v2\/product_brand?post=25398"},{"taxonomy":"product_cat","embeddable":true,"href":"https:\/\/feeldis.com\/de\/wp-json\/wp\/v2\/product_cat?post=25398"},{"taxonomy":"product_tag","embeddable":true,"href":"https:\/\/feeldis.com\/de\/wp-json\/wp\/v2\/product_tag?post=25398"}],"curies":[{"name":"wp","href":"https:\/\/api.w.org\/{rel}","templated":true}]}}