{"id":25428,"date":"2025-04-24T20:55:34","date_gmt":"2025-04-24T20:55:34","guid":{"rendered":"https:\/\/feeldis.com\/store\/weniger-schlafen-mehr-traeumen-t-shirt-hoodie-inspirierendes-grafikdesign\/"},"modified":"2025-05-23T21:13:35","modified_gmt":"2025-05-23T21:13:35","slug":"weniger-schlafen-mehr-traeumen-t-shirt-hoodie-inspirierendes-grafikdesign","status":"publish","type":"product","link":"https:\/\/feeldis.com\/de\/store\/weniger-schlafen-mehr-traeumen-t-shirt-hoodie-inspirierendes-grafikdesign\/","title":{"rendered":"\u201eWeniger schlafen, mehr tr\u00e4umen\u201c T-Shirt &amp; Hoodie &#8211; Inspirierendes Grafikdesign"},"content":{"rendered":"<p>Erweitern Sie die Grenzen der Fantasie und des Stils mit unserem <strong>\u201eSleep Less, Dream More\u201c<\/strong> T-Shirt und Kapuzenpulli. Dieser k\u00fcnstlerische Druck zeigt die Silhouette eines Kindes auf einer Schaukel, das sich in den Himmel reckt, vor einer leuchtend gelben Sonne mit Wolkenakzenten. Es ist eine Hommage an Tr\u00e4umer, Sch\u00f6pfer und Nachteulen, die daran glauben, Visionen zu verfolgen und dabei wach zu bleiben.  <\/p>\n<p><strong>T-Shirt Eigenschaften:<\/strong><\/p>\n<ul>\n<li><strong>Material:<\/strong> 100% Baumwolle (hellgrau: 97% Baumwolle, 3% Viskose; dunkelgrau: 85% Baumwolle, 15% Viskose).<\/li>\n<li><strong>Stoffgewicht:<\/strong> 160 g\/m\u00b2 &#8211; leicht, atmungsaktiv und weich.<\/li>\n<li><strong>Schnitt:<\/strong> Schlauchf\u00f6rmig, ohne Seitenn\u00e4hte f\u00fcr zus\u00e4tzlichen Komfort.<\/li>\n<li><strong>Details:<\/strong> Elastischer gerippter Ausschnitt mit 5% Elastan, verst\u00e4rkte Schultern\u00e4hte und ein seidiges Silikon-Finish.<\/li>\n<\/ul>\n<p><strong>Hoodie Merkmale:<\/strong><\/p>\n<ul>\n<li><strong>Material:<\/strong> 100% Baumwolle, 190 g\/m\u00b2 &#8211; dicht, warm und atmungsaktiv.<\/li>\n<li><strong>Design:<\/strong> Klassische Kapuzenpassform mit K\u00e4ngurutasche vorne.<\/li>\n<li><strong>Druck:<\/strong> Hochwertiger, dauerhafter Druck mittig auf der Brust.<\/li>\n<\/ul>\n<p><strong>Verf\u00fcgbare T-Shirt-Farben:<\/strong> Wei\u00df, Schwarz, Orange, Blau, Gr\u00fcn, Rosa, Rot.<br \/>\n<strong>Verf\u00fcgbare Farben des Hoodies:<\/strong> Schwarz, Blau, Rot.<br \/>\n<strong>Gr\u00f6\u00dfen f\u00fcr beide:<\/strong> XS, S, M, L, XL, XXL, XXXL, XXXXXL.<\/p>\n<p><strong>Perfekt f\u00fcr:<\/strong><\/p>\n<ul>\n<li>Tr\u00e4umer und Vision\u00e4re<\/li>\n<li>Inspirierende und motivierende Geschenkideen<\/li>\n<li>K\u00fcnstler, Studenten, Kreative<\/li>\n<li>Entspannte Freizeitkleidung mit einem positiven Twist<\/li>\n<\/ul>\n<p><strong><img decoding=\"async\" class=\"\" src=\"https:\/\/i00.eu\/img\/532\/80x80f\/9iw9lwxq\/189606.png\" alt=\"Weltweit verantwortungsvolle akkreditierte Produktion (WRAP)\">    <img decoding=\"async\" src=\"https:\/\/i00.eu\/img\/532\/80x80f\/2hpi9lsb\/189607.png\" alt=\"Amfori BSCI\"><img decoding=\"async\" src=\"https:\/\/i00.eu\/img\/532\/80x80f\/d40u29s7\/209045.png\" alt=\"\u00d6ko-Tex Standard 100\" width=\"80\" height=\"80\"><\/strong><\/p>\n<p><strong>Haftungsausschluss:<\/strong><\/p>\n<p>Bitte beachten Sie, dass die auf Ihrem Bildschirm angezeigten Farben leicht vom tats\u00e4chlichen Produkt abweichen k\u00f6nnen. Die Bilder dienen nur zu Illustrationszwecken. <\/p>\n","protected":false},"excerpt":{"rendered":"<p>Lassen Sie Ihren Stil Ihre Tr\u00e4ume widerspiegeln mit dem \u201eSleep Less, Dream More\u201c T-Shirt oder Hoodie. Ein k\u00fchnes und aufmunterndes Design, das inspiriert und gleichzeitig unschlagbaren Komfort bei jedem Tragen bietet. <\/p>\n","protected":false},"featured_media":23952,"comment_status":"open","ping_status":"closed","template":"","meta":[],"product_brand":[502],"product_cat":[990,15],"product_tag":[950,949,948],"class_list":{"0":"post-25428","1":"product","2":"type-product","3":"status-publish","4":"has-post-thumbnail","6":"product_brand-raven-craft","7":"product_cat-kleidung","8":"product_cat-uncategorized","9":"product_tag-dreamer-geschenkartikel","10":"product_tag-inspirierendes-hemd","11":"product_tag-motivierender-kapuzenpulli","12":"product_shipping_class-1-kg-de","13":"pa_colors-blau","14":"pa_colors-grun","15":"pa_colors-orange-de","16":"pa_colors-rosa","17":"pa_colors-rot","18":"pa_colors-schwarz","19":"pa_colors-weis","21":"first","22":"instock","23":"shipping-taxable","24":"purchasable","25":"product-type-variable"},"exclude_global_add_ons":[],"addons":[],"yoast_head":"<!-- This site is optimized with the Yoast SEO Premium plugin v23.6 (Yoast SEO v27.4) - https:\/\/yoast.com\/product\/yoast-seo-premium-wordpress\/ -->\n<title>\u201eSleep Less, Dream More\u201c T-Shirt &amp; Hoodie - Motivierender Kunstdruck f\u00fcr Tr\u00e4umer<\/title>\n<meta name=\"description\" content=\"Tragen Sie Ihre Tr\u00e4ume mit Stolz mit dem \u201eSleep Less, Dream More\u201c T-Shirt oder Hoodie. Inspirierendes Design, atmungsaktiver Baumwollkomfort und k\u00fchne kreative Energie. Jetzt einkaufen!\" \/>\n<meta name=\"robots\" content=\"index, follow, max-snippet:-1, max-image-preview:large, max-video-preview:-1\" \/>\n<link rel=\"canonical\" href=\"https:\/\/feeldis.com\/de\/store\/weniger-schlafen-mehr-traeumen-t-shirt-hoodie-inspirierendes-grafikdesign\/\" \/>\n<meta property=\"og:locale\" content=\"de_DE\" \/>\n<meta property=\"og:type\" content=\"article\" \/>\n<meta property=\"og:title\" content=\"\u201eWeniger schlafen, mehr tr\u00e4umen\u201c T-Shirt &amp; Hoodie - Inspirierendes Grafikdesign\" \/>\n<meta property=\"og:description\" content=\"Tragen Sie Ihre Tr\u00e4ume mit Stolz mit dem \u201eSleep Less, Dream More\u201c T-Shirt oder Hoodie. Inspirierendes Design, atmungsaktiver Baumwollkomfort und k\u00fchne kreative Energie. Jetzt einkaufen!\" \/>\n<meta property=\"og:url\" content=\"https:\/\/feeldis.com\/de\/store\/weniger-schlafen-mehr-traeumen-t-shirt-hoodie-inspirierendes-grafikdesign\/\" \/>\n<meta property=\"og:site_name\" content=\"feeldis.com\" \/>\n<meta property=\"article:modified_time\" content=\"2025-05-23T21:13:35+00:00\" \/>\n<meta property=\"og:image\" content=\"https:\/\/feeldis.com\/wp-content\/uploads\/2025\/04\/man-walking-slowly-along-embankment-front-facing-1-2.jpg\" \/>\n\t<meta property=\"og:image:width\" content=\"1024\" \/>\n\t<meta property=\"og:image:height\" content=\"1365\" \/>\n\t<meta property=\"og:image:type\" content=\"image\/jpeg\" \/>\n<meta name=\"twitter:card\" content=\"summary_large_image\" \/>\n<meta name=\"twitter:label1\" content=\"Verf\u00fcgbarkeit\" \/>\n\t<meta name=\"twitter:data1\" content=\"Auf Lager\" \/>\n<script type=\"application\/ld+json\" class=\"yoast-schema-graph\">{\"@context\":\"https:\\\/\\\/schema.org\",\"@graph\":[{\"@type\":\"WebPage\",\"@id\":\"https:\\\/\\\/feeldis.com\\\/de\\\/store\\\/weniger-schlafen-mehr-traeumen-t-shirt-hoodie-inspirierendes-grafikdesign\\\/\",\"url\":\"https:\\\/\\\/feeldis.com\\\/de\\\/store\\\/weniger-schlafen-mehr-traeumen-t-shirt-hoodie-inspirierendes-grafikdesign\\\/\",\"name\":\"\u201eSleep Less, Dream More\u201c T-Shirt & Hoodie - Motivierender Kunstdruck f\u00fcr Tr\u00e4umer\",\"isPartOf\":{\"@id\":\"https:\\\/\\\/feeldis.com\\\/de\\\/#website\"},\"primaryImageOfPage\":{\"@id\":\"https:\\\/\\\/feeldis.com\\\/de\\\/store\\\/weniger-schlafen-mehr-traeumen-t-shirt-hoodie-inspirierendes-grafikdesign\\\/#primaryimage\"},\"image\":{\"@id\":\"https:\\\/\\\/feeldis.com\\\/de\\\/store\\\/weniger-schlafen-mehr-traeumen-t-shirt-hoodie-inspirierendes-grafikdesign\\\/#primaryimage\"},\"thumbnailUrl\":\"https:\\\/\\\/feeldis.com\\\/wp-content\\\/uploads\\\/2025\\\/04\\\/man-walking-slowly-along-embankment-front-facing-1-2.jpg\",\"datePublished\":\"2025-04-24T20:55:34+00:00\",\"dateModified\":\"2025-05-23T21:13:35+00:00\",\"description\":\"Tragen Sie Ihre Tr\u00e4ume mit Stolz mit dem \u201eSleep Less, Dream More\u201c T-Shirt oder Hoodie. Inspirierendes Design, atmungsaktiver Baumwollkomfort und k\u00fchne kreative Energie. Jetzt einkaufen!\",\"breadcrumb\":{\"@id\":\"https:\\\/\\\/feeldis.com\\\/de\\\/store\\\/weniger-schlafen-mehr-traeumen-t-shirt-hoodie-inspirierendes-grafikdesign\\\/#breadcrumb\"},\"inLanguage\":\"de\",\"potentialAction\":[{\"@type\":\"ReadAction\",\"target\":[\"https:\\\/\\\/feeldis.com\\\/de\\\/store\\\/weniger-schlafen-mehr-traeumen-t-shirt-hoodie-inspirierendes-grafikdesign\\\/\"]}]},{\"@type\":\"ImageObject\",\"inLanguage\":\"de\",\"@id\":\"https:\\\/\\\/feeldis.com\\\/de\\\/store\\\/weniger-schlafen-mehr-traeumen-t-shirt-hoodie-inspirierendes-grafikdesign\\\/#primaryimage\",\"url\":\"https:\\\/\\\/feeldis.com\\\/wp-content\\\/uploads\\\/2025\\\/04\\\/man-walking-slowly-along-embankment-front-facing-1-2.jpg\",\"contentUrl\":\"https:\\\/\\\/feeldis.com\\\/wp-content\\\/uploads\\\/2025\\\/04\\\/man-walking-slowly-along-embankment-front-facing-1-2.jpg\",\"width\":1024,\"height\":1365,\"caption\":\"A stylish man enjoying a sunny seaside stroll, dressed in a blue T-shirt featuring the inspirational \\\"Sleep Less, Dream More\\\" design.\"},{\"@type\":\"BreadcrumbList\",\"@id\":\"https:\\\/\\\/feeldis.com\\\/de\\\/store\\\/weniger-schlafen-mehr-traeumen-t-shirt-hoodie-inspirierendes-grafikdesign\\\/#breadcrumb\",\"itemListElement\":[{\"@type\":\"ListItem\",\"position\":1,\"name\":\"Home\",\"item\":\"https:\\\/\\\/feeldis.com\\\/de\\\/art-zone\\\/\"},{\"@type\":\"ListItem\",\"position\":2,\"name\":\"Store\",\"item\":\"https:\\\/\\\/feeldis.com\\\/store\\\/\"},{\"@type\":\"ListItem\",\"position\":3,\"name\":\"\u201eWeniger schlafen, mehr tr\u00e4umen\u201c T-Shirt &amp; Hoodie &#8211; Inspirierendes Grafikdesign\"}]},{\"@type\":\"WebSite\",\"@id\":\"https:\\\/\\\/feeldis.com\\\/de\\\/#website\",\"url\":\"https:\\\/\\\/feeldis.com\\\/de\\\/\",\"name\":\"feeldis.com\",\"description\":\"\",\"publisher\":{\"@id\":\"https:\\\/\\\/feeldis.com\\\/de\\\/#organization\"},\"potentialAction\":[{\"@type\":\"SearchAction\",\"target\":{\"@type\":\"EntryPoint\",\"urlTemplate\":\"https:\\\/\\\/feeldis.com\\\/de\\\/?s={search_term_string}\"},\"query-input\":{\"@type\":\"PropertyValueSpecification\",\"valueRequired\":true,\"valueName\":\"search_term_string\"}}],\"inLanguage\":\"de\"},{\"@type\":\"Organization\",\"@id\":\"https:\\\/\\\/feeldis.com\\\/de\\\/#organization\",\"name\":\"feeldis.com\",\"url\":\"https:\\\/\\\/feeldis.com\\\/de\\\/\",\"logo\":{\"@type\":\"ImageObject\",\"inLanguage\":\"de\",\"@id\":\"https:\\\/\\\/feeldis.com\\\/de\\\/#\\\/schema\\\/logo\\\/image\\\/\",\"url\":\"https:\\\/\\\/feeldis.com\\\/wp-content\\\/uploads\\\/2024\\\/03\\\/logo-main-feeldis.png\",\"contentUrl\":\"https:\\\/\\\/feeldis.com\\\/wp-content\\\/uploads\\\/2024\\\/03\\\/logo-main-feeldis.png\",\"width\":1070,\"height\":272,\"caption\":\"feeldis.com\"},\"image\":{\"@id\":\"https:\\\/\\\/feeldis.com\\\/de\\\/#\\\/schema\\\/logo\\\/image\\\/\"}}]}<\/script>\n<meta property=\"og:availability\" content=\"instock\" \/>\n<meta property=\"product:availability\" content=\"instock\" \/>\n<meta property=\"product:retailer_item_id\" content=\"T1626\" \/>\n<meta property=\"product:condition\" content=\"new\" \/>\n<!-- \/ Yoast SEO Premium plugin. -->","yoast_head_json":{"title":"\u201eSleep Less, Dream More\u201c T-Shirt & Hoodie - Motivierender Kunstdruck f\u00fcr Tr\u00e4umer","description":"Tragen Sie Ihre Tr\u00e4ume mit Stolz mit dem \u201eSleep Less, Dream More\u201c T-Shirt oder Hoodie. Inspirierendes Design, atmungsaktiver Baumwollkomfort und k\u00fchne kreative Energie. Jetzt einkaufen!","robots":{"index":"index","follow":"follow","max-snippet":"max-snippet:-1","max-image-preview":"max-image-preview:large","max-video-preview":"max-video-preview:-1"},"canonical":"https:\/\/feeldis.com\/de\/store\/weniger-schlafen-mehr-traeumen-t-shirt-hoodie-inspirierendes-grafikdesign\/","og_locale":"de_DE","og_type":"article","og_title":"\u201eWeniger schlafen, mehr tr\u00e4umen\u201c T-Shirt &amp; Hoodie - Inspirierendes Grafikdesign","og_description":"Tragen Sie Ihre Tr\u00e4ume mit Stolz mit dem \u201eSleep Less, Dream More\u201c T-Shirt oder Hoodie. Inspirierendes Design, atmungsaktiver Baumwollkomfort und k\u00fchne kreative Energie. Jetzt einkaufen!","og_url":"https:\/\/feeldis.com\/de\/store\/weniger-schlafen-mehr-traeumen-t-shirt-hoodie-inspirierendes-grafikdesign\/","og_site_name":"feeldis.com","article_modified_time":"2025-05-23T21:13:35+00:00","og_image":[{"width":1024,"height":1365,"url":"https:\/\/feeldis.com\/wp-content\/uploads\/2025\/04\/man-walking-slowly-along-embankment-front-facing-1-2.jpg","type":"image\/jpeg"}],"twitter_card":"summary_large_image","twitter_misc":{"Verf\u00fcgbarkeit":"Auf Lager"},"schema":{"@context":"https:\/\/schema.org","@graph":[{"@type":"WebPage","@id":"https:\/\/feeldis.com\/de\/store\/weniger-schlafen-mehr-traeumen-t-shirt-hoodie-inspirierendes-grafikdesign\/","url":"https:\/\/feeldis.com\/de\/store\/weniger-schlafen-mehr-traeumen-t-shirt-hoodie-inspirierendes-grafikdesign\/","name":"\u201eSleep Less, Dream More\u201c T-Shirt & Hoodie - Motivierender Kunstdruck f\u00fcr Tr\u00e4umer","isPartOf":{"@id":"https:\/\/feeldis.com\/de\/#website"},"primaryImageOfPage":{"@id":"https:\/\/feeldis.com\/de\/store\/weniger-schlafen-mehr-traeumen-t-shirt-hoodie-inspirierendes-grafikdesign\/#primaryimage"},"image":{"@id":"https:\/\/feeldis.com\/de\/store\/weniger-schlafen-mehr-traeumen-t-shirt-hoodie-inspirierendes-grafikdesign\/#primaryimage"},"thumbnailUrl":"https:\/\/feeldis.com\/wp-content\/uploads\/2025\/04\/man-walking-slowly-along-embankment-front-facing-1-2.jpg","datePublished":"2025-04-24T20:55:34+00:00","dateModified":"2025-05-23T21:13:35+00:00","description":"Tragen Sie Ihre Tr\u00e4ume mit Stolz mit dem \u201eSleep Less, Dream More\u201c T-Shirt oder Hoodie. Inspirierendes Design, atmungsaktiver Baumwollkomfort und k\u00fchne kreative Energie. Jetzt einkaufen!","breadcrumb":{"@id":"https:\/\/feeldis.com\/de\/store\/weniger-schlafen-mehr-traeumen-t-shirt-hoodie-inspirierendes-grafikdesign\/#breadcrumb"},"inLanguage":"de","potentialAction":[{"@type":"ReadAction","target":["https:\/\/feeldis.com\/de\/store\/weniger-schlafen-mehr-traeumen-t-shirt-hoodie-inspirierendes-grafikdesign\/"]}]},{"@type":"ImageObject","inLanguage":"de","@id":"https:\/\/feeldis.com\/de\/store\/weniger-schlafen-mehr-traeumen-t-shirt-hoodie-inspirierendes-grafikdesign\/#primaryimage","url":"https:\/\/feeldis.com\/wp-content\/uploads\/2025\/04\/man-walking-slowly-along-embankment-front-facing-1-2.jpg","contentUrl":"https:\/\/feeldis.com\/wp-content\/uploads\/2025\/04\/man-walking-slowly-along-embankment-front-facing-1-2.jpg","width":1024,"height":1365,"caption":"A stylish man enjoying a sunny seaside stroll, dressed in a blue T-shirt featuring the inspirational \"Sleep Less, Dream More\" design."},{"@type":"BreadcrumbList","@id":"https:\/\/feeldis.com\/de\/store\/weniger-schlafen-mehr-traeumen-t-shirt-hoodie-inspirierendes-grafikdesign\/#breadcrumb","itemListElement":[{"@type":"ListItem","position":1,"name":"Home","item":"https:\/\/feeldis.com\/de\/art-zone\/"},{"@type":"ListItem","position":2,"name":"Store","item":"https:\/\/feeldis.com\/store\/"},{"@type":"ListItem","position":3,"name":"\u201eWeniger schlafen, mehr tr\u00e4umen\u201c T-Shirt &amp; Hoodie &#8211; Inspirierendes Grafikdesign"}]},{"@type":"WebSite","@id":"https:\/\/feeldis.com\/de\/#website","url":"https:\/\/feeldis.com\/de\/","name":"feeldis.com","description":"","publisher":{"@id":"https:\/\/feeldis.com\/de\/#organization"},"potentialAction":[{"@type":"SearchAction","target":{"@type":"EntryPoint","urlTemplate":"https:\/\/feeldis.com\/de\/?s={search_term_string}"},"query-input":{"@type":"PropertyValueSpecification","valueRequired":true,"valueName":"search_term_string"}}],"inLanguage":"de"},{"@type":"Organization","@id":"https:\/\/feeldis.com\/de\/#organization","name":"feeldis.com","url":"https:\/\/feeldis.com\/de\/","logo":{"@type":"ImageObject","inLanguage":"de","@id":"https:\/\/feeldis.com\/de\/#\/schema\/logo\/image\/","url":"https:\/\/feeldis.com\/wp-content\/uploads\/2024\/03\/logo-main-feeldis.png","contentUrl":"https:\/\/feeldis.com\/wp-content\/uploads\/2024\/03\/logo-main-feeldis.png","width":1070,"height":272,"caption":"feeldis.com"},"image":{"@id":"https:\/\/feeldis.com\/de\/#\/schema\/logo\/image\/"}}]},"og_availability":"instock","product_availability":"instock","product_retailer_item_id":"T1626","product_condition":"new"},"_links":{"self":[{"href":"https:\/\/feeldis.com\/de\/wp-json\/wp\/v2\/product\/25428","targetHints":{"allow":["GET"]}}],"collection":[{"href":"https:\/\/feeldis.com\/de\/wp-json\/wp\/v2\/product"}],"about":[{"href":"https:\/\/feeldis.com\/de\/wp-json\/wp\/v2\/types\/product"}],"replies":[{"embeddable":true,"href":"https:\/\/feeldis.com\/de\/wp-json\/wp\/v2\/comments?post=25428"}],"wp:featuredmedia":[{"embeddable":true,"href":"https:\/\/feeldis.com\/de\/wp-json\/wp\/v2\/media\/23952"}],"wp:attachment":[{"href":"https:\/\/feeldis.com\/de\/wp-json\/wp\/v2\/media?parent=25428"}],"wp:term":[{"taxonomy":"product_brand","embeddable":true,"href":"https:\/\/feeldis.com\/de\/wp-json\/wp\/v2\/product_brand?post=25428"},{"taxonomy":"product_cat","embeddable":true,"href":"https:\/\/feeldis.com\/de\/wp-json\/wp\/v2\/product_cat?post=25428"},{"taxonomy":"product_tag","embeddable":true,"href":"https:\/\/feeldis.com\/de\/wp-json\/wp\/v2\/product_tag?post=25428"}],"curies":[{"name":"wp","href":"https:\/\/api.w.org\/{rel}","templated":true}]}}