{"id":25564,"date":"2025-04-23T20:10:16","date_gmt":"2025-04-23T20:10:16","guid":{"rendered":"https:\/\/feeldis.com\/store\/bleib-zu-hause-bleib-am-leben-t-shirt-kapuzenpulli-bold-statement-apparel\/"},"modified":"2025-04-23T20:10:16","modified_gmt":"2025-04-23T20:10:16","slug":"bleib-zu-hause-bleib-am-leben-t-shirt-kapuzenpulli-bold-statement-apparel","status":"publish","type":"product","link":"https:\/\/feeldis.com\/de\/store\/bleib-zu-hause-bleib-am-leben-t-shirt-kapuzenpulli-bold-statement-apparel\/","title":{"rendered":"&#8222;Bleib zu Hause, bleib am Leben&#8220; T-Shirt &amp; Kapuzenpulli &#8211; Bold Statement Apparel"},"content":{"rendered":"<p>Das &#8222;Stay Home Stay Alive&#8220; T-Shirt und der Kapuzenpulli sind eine starke, stilvolle Erinnerung daran, Sicherheit zu priorisieren, mit einem coolen, grafischen Twist. Egal, ob Sie sich zu Hause entspannen, einen Spaziergang machen oder mit Freunden abh\u00e4ngen, dieser Aufdruck zieht die Blicke auf sich und bietet Ihnen gleichzeitig ein angenehmes Tragegef\u00fchl. <\/p>\n<p><strong>T-Shirt Eigenschaften:<\/strong><\/p>\n<ul>\n<li><strong>Material:<\/strong> 100% Baumwolle (hellgrau: 97% Baumwolle, 3% Viskose; dunkelgrau: 85% Baumwolle, 15% Viskose)<\/li>\n<li><strong>Stoffgewicht:<\/strong> 160 g\/m\u00b2 &#8211; atmungsaktiv und weich<\/li>\n<li><strong>Schnitt:<\/strong> Schlauchf\u00f6rmige Konstruktion ohne Seitenn\u00e4hte<\/li>\n<li><strong>Details:<\/strong> Elastischer gerippter Kragen mit 5% Elasthan, verst\u00e4rktes Schulterband, Silikon-Soft-Finish f\u00fcr Anti-Pilling<\/li>\n<\/ul>\n<p><strong>Hoodie Merkmale:<\/strong><\/p>\n<ul>\n<li><strong>Material:<\/strong> 100% Baumwolle, schwer 190 g\/m\u00b2<\/li>\n<li><strong>Design:<\/strong> Klassischer Hoodie mit K\u00e4ngurutasche und Kapuze mit Kordelzug<\/li>\n<li><strong>Verf\u00fcgbare Farben (Hoodies):<\/strong> Schwarz, Blau, Rot<\/li>\n<li><strong>Verf\u00fcgbare Farben (T-Shirts):<\/strong> Wei\u00df, Schwarz, Orange, Blau, Gr\u00fcn, Rosa<\/li>\n<li><strong>Verf\u00fcgbare Gr\u00f6\u00dfen:<\/strong> XS, S, M, L, XL, XXL, XXXL, XXXXXL<\/li>\n<\/ul>\n<p><strong>Perfekt f\u00fcr:<\/strong><\/p>\n<ul>\n<li>Gem\u00fctliche Hauskleidung mit einer Botschaft<\/li>\n<li>Geschenk f\u00fcr Menschen, die Wellness ernst nehmen<\/li>\n<li>Stilvolle Outfits f\u00fcr l\u00e4ssige Tage<\/li>\n<\/ul>\n<p><strong><img decoding=\"async\" class=\"\" src=\"https:\/\/i00.eu\/img\/532\/80x80f\/9iw9lwxq\/189606.png\" alt=\"Weltweit verantwortungsvolle akkreditierte Produktion (WRAP)\">    <img decoding=\"async\" src=\"https:\/\/i00.eu\/img\/532\/80x80f\/2hpi9lsb\/189607.png\" alt=\"Amfori BSCI\"><img decoding=\"async\" src=\"https:\/\/i00.eu\/img\/532\/80x80f\/d40u29s7\/209045.png\" alt=\"\u00d6ko-Tex Standard 100\" width=\"80\" height=\"80\"><\/strong><\/p>\n<p><strong>Haftungsausschluss:<\/strong><br \/>\nBitte beachten Sie, dass die auf Ihrem Bildschirm angezeigten Farben leicht vom tats\u00e4chlichen Produkt abweichen k\u00f6nnen. Die Bilder dienen nur zu Illustrationszwecken. <\/p>\n","protected":false},"excerpt":{"rendered":"<p>Setzen Sie ein mutiges Statement mit dem &#8222;Stay Home Stay Alive&#8220; T-Shirt oder Hoodie. Dieses Design kombiniert Streetwear mit einer zeitgem\u00e4\u00dfen Botschaft &#8211; perfekt zum Faulenzen oder um unterwegs Eindruck zu machen. <\/p>\n","protected":false},"featured_media":23173,"comment_status":"open","ping_status":"closed","template":"","meta":[],"product_brand":[502],"product_cat":[990],"product_tag":[991,993,992],"class_list":{"0":"post-25564","1":"product","2":"type-product","3":"status-publish","4":"has-post-thumbnail","6":"product_brand-raven-craft","7":"product_cat-kleidung","8":"product_tag-grafik-kapuzenpulli","9":"product_tag-kleidung-fur-sicherheitsbewustsein","10":"product_tag-statement-t-shirt-de","11":"product_shipping_class-1-kg-de","12":"pa_colors-blau","13":"pa_colors-grun","14":"pa_colors-orange-de","15":"pa_colors-rosa","16":"pa_colors-rot","17":"pa_colors-schwarz","18":"pa_colors-weis","20":"first","21":"instock","22":"shipping-taxable","23":"purchasable","24":"product-type-variable"},"exclude_global_add_ons":[],"addons":[],"yoast_head":"<!-- This site is optimized with the Yoast SEO Premium plugin v23.6 (Yoast SEO v27.3) - https:\/\/yoast.com\/product\/yoast-seo-premium-wordpress\/ -->\n<title>&quot;Stay Home Stay Alive&quot; T-Shirt &amp; Kapuzenpulli - Grafik Sicherheitsstatement Kleidung<\/title>\n<meta name=\"description\" content=\"Setzen Sie ein mutiges, zeitgem\u00e4\u00dfes Zeichen mit dem &quot;Stay Home Stay Alive&quot; T-Shirt oder Kapuzenpulli. Bequem, stilvoll und aussagekr\u00e4ftig - holen Sie sich Ihr T-Shirt jetzt.\" \/>\n<meta name=\"robots\" content=\"index, follow, max-snippet:-1, max-image-preview:large, max-video-preview:-1\" \/>\n<link rel=\"canonical\" href=\"https:\/\/feeldis.com\/de\/store\/bleib-zu-hause-bleib-am-leben-t-shirt-kapuzenpulli-bold-statement-apparel\/\" \/>\n<meta property=\"og:locale\" content=\"de_DE\" \/>\n<meta property=\"og:type\" content=\"article\" \/>\n<meta property=\"og:title\" content=\"&quot;Bleib zu Hause, bleib am Leben&quot; T-Shirt &amp; Kapuzenpulli - Bold Statement Apparel\" \/>\n<meta property=\"og:description\" content=\"Setzen Sie ein mutiges, zeitgem\u00e4\u00dfes Zeichen mit dem &quot;Stay Home Stay Alive&quot; T-Shirt oder Kapuzenpulli. Bequem, stilvoll und aussagekr\u00e4ftig - holen Sie sich Ihr T-Shirt jetzt.\" \/>\n<meta property=\"og:url\" content=\"https:\/\/feeldis.com\/de\/store\/bleib-zu-hause-bleib-am-leben-t-shirt-kapuzenpulli-bold-statement-apparel\/\" \/>\n<meta property=\"og:site_name\" content=\"feeldis.com\" \/>\n<meta property=\"og:image\" content=\"https:\/\/feeldis.com\/wp-content\/uploads\/2025\/04\/man-walking-slowly-along-embankment-front-facing-.jpg\" \/>\n\t<meta property=\"og:image:width\" content=\"1235\" \/>\n\t<meta property=\"og:image:height\" content=\"1543\" \/>\n\t<meta property=\"og:image:type\" content=\"image\/jpeg\" \/>\n<meta name=\"twitter:card\" content=\"summary_large_image\" \/>\n<meta name=\"twitter:label1\" content=\"Verf\u00fcgbarkeit\" \/>\n\t<meta name=\"twitter:data1\" content=\"Auf Lager\" \/>\n<script type=\"application\/ld+json\" class=\"yoast-schema-graph\">{\"@context\":\"https:\\\/\\\/schema.org\",\"@graph\":[{\"@type\":\"WebPage\",\"@id\":\"https:\\\/\\\/feeldis.com\\\/de\\\/store\\\/bleib-zu-hause-bleib-am-leben-t-shirt-kapuzenpulli-bold-statement-apparel\\\/\",\"url\":\"https:\\\/\\\/feeldis.com\\\/de\\\/store\\\/bleib-zu-hause-bleib-am-leben-t-shirt-kapuzenpulli-bold-statement-apparel\\\/\",\"name\":\"\\\"Stay Home Stay Alive\\\" T-Shirt & Kapuzenpulli - Grafik Sicherheitsstatement Kleidung\",\"isPartOf\":{\"@id\":\"https:\\\/\\\/feeldis.com\\\/de\\\/#website\"},\"primaryImageOfPage\":{\"@id\":\"https:\\\/\\\/feeldis.com\\\/de\\\/store\\\/bleib-zu-hause-bleib-am-leben-t-shirt-kapuzenpulli-bold-statement-apparel\\\/#primaryimage\"},\"image\":{\"@id\":\"https:\\\/\\\/feeldis.com\\\/de\\\/store\\\/bleib-zu-hause-bleib-am-leben-t-shirt-kapuzenpulli-bold-statement-apparel\\\/#primaryimage\"},\"thumbnailUrl\":\"https:\\\/\\\/feeldis.com\\\/wp-content\\\/uploads\\\/2025\\\/04\\\/man-walking-slowly-along-embankment-front-facing-.jpg\",\"datePublished\":\"2025-04-23T20:10:16+00:00\",\"description\":\"Setzen Sie ein mutiges, zeitgem\u00e4\u00dfes Zeichen mit dem \\\"Stay Home Stay Alive\\\" T-Shirt oder Kapuzenpulli. Bequem, stilvoll und aussagekr\u00e4ftig - holen Sie sich Ihr T-Shirt jetzt.\",\"breadcrumb\":{\"@id\":\"https:\\\/\\\/feeldis.com\\\/de\\\/store\\\/bleib-zu-hause-bleib-am-leben-t-shirt-kapuzenpulli-bold-statement-apparel\\\/#breadcrumb\"},\"inLanguage\":\"de\",\"potentialAction\":[{\"@type\":\"ReadAction\",\"target\":[\"https:\\\/\\\/feeldis.com\\\/de\\\/store\\\/bleib-zu-hause-bleib-am-leben-t-shirt-kapuzenpulli-bold-statement-apparel\\\/\"]}]},{\"@type\":\"ImageObject\",\"inLanguage\":\"de\",\"@id\":\"https:\\\/\\\/feeldis.com\\\/de\\\/store\\\/bleib-zu-hause-bleib-am-leben-t-shirt-kapuzenpulli-bold-statement-apparel\\\/#primaryimage\",\"url\":\"https:\\\/\\\/feeldis.com\\\/wp-content\\\/uploads\\\/2025\\\/04\\\/man-walking-slowly-along-embankment-front-facing-.jpg\",\"contentUrl\":\"https:\\\/\\\/feeldis.com\\\/wp-content\\\/uploads\\\/2025\\\/04\\\/man-walking-slowly-along-embankment-front-facing-.jpg\",\"width\":1235,\"height\":1543,\"caption\":\"Urban streetwear tee featuring a bold print reminding to stay safe and mindful\"},{\"@type\":\"BreadcrumbList\",\"@id\":\"https:\\\/\\\/feeldis.com\\\/de\\\/store\\\/bleib-zu-hause-bleib-am-leben-t-shirt-kapuzenpulli-bold-statement-apparel\\\/#breadcrumb\",\"itemListElement\":[{\"@type\":\"ListItem\",\"position\":1,\"name\":\"Home\",\"item\":\"https:\\\/\\\/feeldis.com\\\/de\\\/art-zone\\\/\"},{\"@type\":\"ListItem\",\"position\":2,\"name\":\"Store\",\"item\":\"https:\\\/\\\/feeldis.com\\\/store\\\/\"},{\"@type\":\"ListItem\",\"position\":3,\"name\":\"&#8220;Bleib zu Hause, bleib am Leben&#8221; T-Shirt &amp; Kapuzenpulli &#8211; Bold Statement Apparel\"}]},{\"@type\":\"WebSite\",\"@id\":\"https:\\\/\\\/feeldis.com\\\/de\\\/#website\",\"url\":\"https:\\\/\\\/feeldis.com\\\/de\\\/\",\"name\":\"feeldis.com\",\"description\":\"\",\"publisher\":{\"@id\":\"https:\\\/\\\/feeldis.com\\\/de\\\/#organization\"},\"potentialAction\":[{\"@type\":\"SearchAction\",\"target\":{\"@type\":\"EntryPoint\",\"urlTemplate\":\"https:\\\/\\\/feeldis.com\\\/de\\\/?s={search_term_string}\"},\"query-input\":{\"@type\":\"PropertyValueSpecification\",\"valueRequired\":true,\"valueName\":\"search_term_string\"}}],\"inLanguage\":\"de\"},{\"@type\":\"Organization\",\"@id\":\"https:\\\/\\\/feeldis.com\\\/de\\\/#organization\",\"name\":\"feeldis.com\",\"url\":\"https:\\\/\\\/feeldis.com\\\/de\\\/\",\"logo\":{\"@type\":\"ImageObject\",\"inLanguage\":\"de\",\"@id\":\"https:\\\/\\\/feeldis.com\\\/de\\\/#\\\/schema\\\/logo\\\/image\\\/\",\"url\":\"https:\\\/\\\/feeldis.com\\\/wp-content\\\/uploads\\\/2024\\\/03\\\/logo-main-feeldis.png\",\"contentUrl\":\"https:\\\/\\\/feeldis.com\\\/wp-content\\\/uploads\\\/2024\\\/03\\\/logo-main-feeldis.png\",\"width\":1070,\"height\":272,\"caption\":\"feeldis.com\"},\"image\":{\"@id\":\"https:\\\/\\\/feeldis.com\\\/de\\\/#\\\/schema\\\/logo\\\/image\\\/\"}}]}<\/script>\n<meta property=\"og:availability\" content=\"instock\" \/>\n<meta property=\"product:availability\" content=\"instock\" \/>\n<meta property=\"product:retailer_item_id\" content=\"T1302\" \/>\n<meta property=\"product:condition\" content=\"new\" \/>\n<!-- \/ Yoast SEO Premium plugin. -->","yoast_head_json":{"title":"\"Stay Home Stay Alive\" T-Shirt & Kapuzenpulli - Grafik Sicherheitsstatement Kleidung","description":"Setzen Sie ein mutiges, zeitgem\u00e4\u00dfes Zeichen mit dem \"Stay Home Stay Alive\" T-Shirt oder Kapuzenpulli. Bequem, stilvoll und aussagekr\u00e4ftig - holen Sie sich Ihr T-Shirt jetzt.","robots":{"index":"index","follow":"follow","max-snippet":"max-snippet:-1","max-image-preview":"max-image-preview:large","max-video-preview":"max-video-preview:-1"},"canonical":"https:\/\/feeldis.com\/de\/store\/bleib-zu-hause-bleib-am-leben-t-shirt-kapuzenpulli-bold-statement-apparel\/","og_locale":"de_DE","og_type":"article","og_title":"\"Bleib zu Hause, bleib am Leben\" T-Shirt &amp; Kapuzenpulli - Bold Statement Apparel","og_description":"Setzen Sie ein mutiges, zeitgem\u00e4\u00dfes Zeichen mit dem \"Stay Home Stay Alive\" T-Shirt oder Kapuzenpulli. Bequem, stilvoll und aussagekr\u00e4ftig - holen Sie sich Ihr T-Shirt jetzt.","og_url":"https:\/\/feeldis.com\/de\/store\/bleib-zu-hause-bleib-am-leben-t-shirt-kapuzenpulli-bold-statement-apparel\/","og_site_name":"feeldis.com","og_image":[{"width":1235,"height":1543,"url":"https:\/\/feeldis.com\/wp-content\/uploads\/2025\/04\/man-walking-slowly-along-embankment-front-facing-.jpg","type":"image\/jpeg"}],"twitter_card":"summary_large_image","twitter_misc":{"Verf\u00fcgbarkeit":"Auf Lager"},"schema":{"@context":"https:\/\/schema.org","@graph":[{"@type":"WebPage","@id":"https:\/\/feeldis.com\/de\/store\/bleib-zu-hause-bleib-am-leben-t-shirt-kapuzenpulli-bold-statement-apparel\/","url":"https:\/\/feeldis.com\/de\/store\/bleib-zu-hause-bleib-am-leben-t-shirt-kapuzenpulli-bold-statement-apparel\/","name":"\"Stay Home Stay Alive\" T-Shirt & Kapuzenpulli - Grafik Sicherheitsstatement Kleidung","isPartOf":{"@id":"https:\/\/feeldis.com\/de\/#website"},"primaryImageOfPage":{"@id":"https:\/\/feeldis.com\/de\/store\/bleib-zu-hause-bleib-am-leben-t-shirt-kapuzenpulli-bold-statement-apparel\/#primaryimage"},"image":{"@id":"https:\/\/feeldis.com\/de\/store\/bleib-zu-hause-bleib-am-leben-t-shirt-kapuzenpulli-bold-statement-apparel\/#primaryimage"},"thumbnailUrl":"https:\/\/feeldis.com\/wp-content\/uploads\/2025\/04\/man-walking-slowly-along-embankment-front-facing-.jpg","datePublished":"2025-04-23T20:10:16+00:00","description":"Setzen Sie ein mutiges, zeitgem\u00e4\u00dfes Zeichen mit dem \"Stay Home Stay Alive\" T-Shirt oder Kapuzenpulli. Bequem, stilvoll und aussagekr\u00e4ftig - holen Sie sich Ihr T-Shirt jetzt.","breadcrumb":{"@id":"https:\/\/feeldis.com\/de\/store\/bleib-zu-hause-bleib-am-leben-t-shirt-kapuzenpulli-bold-statement-apparel\/#breadcrumb"},"inLanguage":"de","potentialAction":[{"@type":"ReadAction","target":["https:\/\/feeldis.com\/de\/store\/bleib-zu-hause-bleib-am-leben-t-shirt-kapuzenpulli-bold-statement-apparel\/"]}]},{"@type":"ImageObject","inLanguage":"de","@id":"https:\/\/feeldis.com\/de\/store\/bleib-zu-hause-bleib-am-leben-t-shirt-kapuzenpulli-bold-statement-apparel\/#primaryimage","url":"https:\/\/feeldis.com\/wp-content\/uploads\/2025\/04\/man-walking-slowly-along-embankment-front-facing-.jpg","contentUrl":"https:\/\/feeldis.com\/wp-content\/uploads\/2025\/04\/man-walking-slowly-along-embankment-front-facing-.jpg","width":1235,"height":1543,"caption":"Urban streetwear tee featuring a bold print reminding to stay safe and mindful"},{"@type":"BreadcrumbList","@id":"https:\/\/feeldis.com\/de\/store\/bleib-zu-hause-bleib-am-leben-t-shirt-kapuzenpulli-bold-statement-apparel\/#breadcrumb","itemListElement":[{"@type":"ListItem","position":1,"name":"Home","item":"https:\/\/feeldis.com\/de\/art-zone\/"},{"@type":"ListItem","position":2,"name":"Store","item":"https:\/\/feeldis.com\/store\/"},{"@type":"ListItem","position":3,"name":"&#8220;Bleib zu Hause, bleib am Leben&#8221; T-Shirt &amp; Kapuzenpulli &#8211; Bold Statement Apparel"}]},{"@type":"WebSite","@id":"https:\/\/feeldis.com\/de\/#website","url":"https:\/\/feeldis.com\/de\/","name":"feeldis.com","description":"","publisher":{"@id":"https:\/\/feeldis.com\/de\/#organization"},"potentialAction":[{"@type":"SearchAction","target":{"@type":"EntryPoint","urlTemplate":"https:\/\/feeldis.com\/de\/?s={search_term_string}"},"query-input":{"@type":"PropertyValueSpecification","valueRequired":true,"valueName":"search_term_string"}}],"inLanguage":"de"},{"@type":"Organization","@id":"https:\/\/feeldis.com\/de\/#organization","name":"feeldis.com","url":"https:\/\/feeldis.com\/de\/","logo":{"@type":"ImageObject","inLanguage":"de","@id":"https:\/\/feeldis.com\/de\/#\/schema\/logo\/image\/","url":"https:\/\/feeldis.com\/wp-content\/uploads\/2024\/03\/logo-main-feeldis.png","contentUrl":"https:\/\/feeldis.com\/wp-content\/uploads\/2024\/03\/logo-main-feeldis.png","width":1070,"height":272,"caption":"feeldis.com"},"image":{"@id":"https:\/\/feeldis.com\/de\/#\/schema\/logo\/image\/"}}]},"og_availability":"instock","product_availability":"instock","product_retailer_item_id":"T1302","product_condition":"new"},"_links":{"self":[{"href":"https:\/\/feeldis.com\/de\/wp-json\/wp\/v2\/product\/25564","targetHints":{"allow":["GET"]}}],"collection":[{"href":"https:\/\/feeldis.com\/de\/wp-json\/wp\/v2\/product"}],"about":[{"href":"https:\/\/feeldis.com\/de\/wp-json\/wp\/v2\/types\/product"}],"replies":[{"embeddable":true,"href":"https:\/\/feeldis.com\/de\/wp-json\/wp\/v2\/comments?post=25564"}],"wp:featuredmedia":[{"embeddable":true,"href":"https:\/\/feeldis.com\/de\/wp-json\/wp\/v2\/media\/23173"}],"wp:attachment":[{"href":"https:\/\/feeldis.com\/de\/wp-json\/wp\/v2\/media?parent=25564"}],"wp:term":[{"taxonomy":"product_brand","embeddable":true,"href":"https:\/\/feeldis.com\/de\/wp-json\/wp\/v2\/product_brand?post=25564"},{"taxonomy":"product_cat","embeddable":true,"href":"https:\/\/feeldis.com\/de\/wp-json\/wp\/v2\/product_cat?post=25564"},{"taxonomy":"product_tag","embeddable":true,"href":"https:\/\/feeldis.com\/de\/wp-json\/wp\/v2\/product_tag?post=25564"}],"curies":[{"name":"wp","href":"https:\/\/api.w.org\/{rel}","templated":true}]}}