{"id":2241,"date":"2024-07-14T12:07:10","date_gmt":"2024-07-14T12:07:10","guid":{"rendered":"https:\/\/feeldis.com\/store\/incantevole-silhouette-di-gatto-da-parete\/"},"modified":"2024-07-14T12:07:10","modified_gmt":"2024-07-14T12:07:10","slug":"incantevole-silhouette-di-gatto-da-parete","status":"publish","type":"product","link":"https:\/\/feeldis.com\/it\/store\/incantevole-silhouette-di-gatto-da-parete\/","title":{"rendered":"Incantevole silhouette di gatto da parete"},"content":{"rendered":"<p>Trasformate la vostra casa con la nostra decorazione murale Charming Cat Silhouette. Realizzato in pannelli di fibra ad alta densit\u00e0 (HDF), questo set di quattro adorabili sagome di gatto \u00e8 perfetto per ogni amante dei felini. Il design minimalista \u00e8 caratterizzato da gatti che spuntano dalle cornici, creando un look giocoso e moderno che si adatta a diversi stili di interni. In salotto, in camera da letto o in corridoio, queste decorazioni da parete aggiungono un tocco unico e artistico al vostro spazio. Facile da installare e da mantenere, la nostra decorazione murale per gatti \u00e8 un regalo perfetto per voi stessi o per qualsiasi appassionato di felini.<\/p>\n<p><img decoding=\"async\" class=\"alignnone size-medium wp-image-2115\" src=\"https:\/\/feeldis.com\/wp-content\/uploads\/2024\/07\/cat-1-367x400.jpg\" alt=\"\" width=\"367\" height=\"400\" srcset=\"https:\/\/feeldis.com\/wp-content\/uploads\/2024\/07\/cat-1-367x400.jpg 367w, https:\/\/feeldis.com\/wp-content\/uploads\/2024\/07\/cat-1-600x654.jpg 600w, https:\/\/feeldis.com\/wp-content\/uploads\/2024\/07\/cat-1.jpg 650w\" sizes=\"(max-width: 367px) 100vw, 367px\" \/> <img decoding=\"async\" class=\"alignnone size-medium wp-image-2123\" src=\"https:\/\/feeldis.com\/wp-content\/uploads\/2024\/07\/cat-2-600x400.jpg\" alt=\"\" width=\"600\" height=\"400\" srcset=\"https:\/\/feeldis.com\/wp-content\/uploads\/2024\/07\/cat-2-600x400.jpg 600w, https:\/\/feeldis.com\/wp-content\/uploads\/2024\/07\/cat-2-1200x800.jpg 1200w, https:\/\/feeldis.com\/wp-content\/uploads\/2024\/07\/cat-2-768x512.jpg 768w, https:\/\/feeldis.com\/wp-content\/uploads\/2024\/07\/cat-2.jpg 1440w\" sizes=\"(max-width: 600px) 100vw, 600px\" \/> <img decoding=\"async\" class=\"alignnone size-medium wp-image-2131\" src=\"https:\/\/feeldis.com\/wp-content\/uploads\/2024\/07\/cat-3-533x400.jpg\" alt=\"\" width=\"533\" height=\"400\" srcset=\"https:\/\/feeldis.com\/wp-content\/uploads\/2024\/07\/cat-3-533x400.jpg 533w, https:\/\/feeldis.com\/wp-content\/uploads\/2024\/07\/cat-3-1200x900.jpg 1200w, https:\/\/feeldis.com\/wp-content\/uploads\/2024\/07\/cat-3-1067x800.jpg 1067w, https:\/\/feeldis.com\/wp-content\/uploads\/2024\/07\/cat-3-768x576.jpg 768w, https:\/\/feeldis.com\/wp-content\/uploads\/2024\/07\/cat-3.jpg 1280w\" sizes=\"(max-width: 533px) 100vw, 533px\" \/> <img decoding=\"async\" class=\"alignnone size-medium wp-image-2139\" src=\"https:\/\/feeldis.com\/wp-content\/uploads\/2024\/07\/cat-4-320x400.jpg\" alt=\"\" width=\"320\" height=\"400\" srcset=\"https:\/\/feeldis.com\/wp-content\/uploads\/2024\/07\/cat-4-320x400.jpg 320w, https:\/\/feeldis.com\/wp-content\/uploads\/2024\/07\/cat-4-1200x1501.jpg 1200w, https:\/\/feeldis.com\/wp-content\/uploads\/2024\/07\/cat-4-640x800.jpg 640w, https:\/\/feeldis.com\/wp-content\/uploads\/2024\/07\/cat-4-768x961.jpg 768w, https:\/\/feeldis.com\/wp-content\/uploads\/2024\/07\/cat-4-1228x1536.jpg 1228w, https:\/\/feeldis.com\/wp-content\/uploads\/2024\/07\/cat-4.jpg 1440w\" sizes=\"(max-width: 320px) 100vw, 320px\" \/> <img decoding=\"async\" class=\"alignnone size-medium wp-image-2155\" src=\"https:\/\/feeldis.com\/wp-content\/uploads\/2024\/07\/Cat-wall-decor-E0021961-371x400.png\" alt=\"\" width=\"371\" height=\"400\" srcset=\"https:\/\/feeldis.com\/wp-content\/uploads\/2024\/07\/Cat-wall-decor-E0021961-371x400.png 371w, https:\/\/feeldis.com\/wp-content\/uploads\/2024\/07\/Cat-wall-decor-E0021961-300x324.png 300w, https:\/\/feeldis.com\/wp-content\/uploads\/2024\/07\/Cat-wall-decor-E0021961-600x647.png 600w, https:\/\/feeldis.com\/wp-content\/uploads\/2024\/07\/Cat-wall-decor-E0021961.png 651w\" sizes=\"(max-width: 371px) 100vw, 371px\" \/><\/p>\n<p><img decoding=\"async\" class=\"alignnone size-full wp-image-2147\" src=\"https:\/\/feeldis.com\/wp-content\/uploads\/2024\/07\/Cat-wall-decor-E0021961-file-cdr-and-dxf-free-vector-download-for-Laser-cut-plasma.jpg\" alt=\"\" width=\"24895\" height=\"6861\"><\/p>\n","protected":false},"excerpt":{"rendered":"<p>Arricchite il vostro spazio abitativo con la nostra decorazione murale Charming Cat Silhouette. Questo pezzo d&#8217;arte in HDF, minimalista e moderno, aggiunge un tocco di estrosit\u00e0 a qualsiasi ambiente.<\/p>\n","protected":false},"featured_media":2144,"comment_status":"open","ping_status":"closed","template":"","meta":[],"product_brand":[502],"product_cat":[250,251],"product_tag":[258,260,259,257,254,262,263,255,253,256,261],"class_list":{"0":"post-2241","1":"product","2":"type-product","3":"status-publish","4":"has-post-thumbnail","6":"product_brand-raven-craft","7":"product_cat-arredamento-per-la-casa","8":"product_cat-decorazioni-murali","9":"product_tag-appeso-a-parete","10":"product_tag-arredamento-minimalista","11":"product_tag-arredamento-moderno","12":"product_tag-arredamento-per-la-casa","13":"product_tag-arte-da-parete-in-hdf","14":"product_tag-arte-hdf","15":"product_tag-decorazione-dinterni","16":"product_tag-decorazioni-da-parete-nere","17":"product_tag-gatto-da-parete","18":"product_tag-silhouette-di-gatto","19":"product_tag-taglio-laser","20":"product_shipping_class-1-kg-it","22":"first","23":"instock","24":"shipping-taxable","25":"purchasable","26":"product-type-simple"},"exclude_global_add_ons":[],"addons":[],"yoast_head":"<!-- This site is optimized with the Yoast SEO Premium plugin v23.6 (Yoast SEO v27.3) - https:\/\/yoast.com\/product\/yoast-seo-premium-wordpress\/ -->\n<title>Incantevole decorazione murale con silhouette di gatto - Arte moderna in HDF per la casa &#8226; feeldis.com<\/title>\n<meta name=\"description\" content=\"Scoprite la nostra incantevole decorazione murale con silhouette di gatto. Questo moderno pezzo d&#039;arte in HDF presenta quattro giocosi disegni di gatti, perfetti per aggiungere un tocco di estrosit\u00e0 alla vostra casa. Ideale per gli amanti dei gatti e dell&#039;arredamento moderno.\" \/>\n<meta name=\"robots\" content=\"index, follow, max-snippet:-1, max-image-preview:large, max-video-preview:-1\" \/>\n<link rel=\"canonical\" href=\"https:\/\/feeldis.com\/it\/store\/incantevole-silhouette-di-gatto-da-parete\/\" \/>\n<meta property=\"og:locale\" content=\"it_IT\" \/>\n<meta property=\"og:type\" content=\"article\" \/>\n<meta property=\"og:title\" content=\"Incantevole silhouette di gatto da parete\" \/>\n<meta property=\"og:description\" content=\"Scoprite la nostra incantevole decorazione murale con silhouette di gatto. Questo moderno pezzo d&#039;arte in HDF presenta quattro giocosi disegni di gatti, perfetti per aggiungere un tocco di estrosit\u00e0 alla vostra casa. Ideale per gli amanti dei gatti e dell&#039;arredamento moderno.\" \/>\n<meta property=\"og:url\" content=\"https:\/\/feeldis.com\/it\/store\/incantevole-silhouette-di-gatto-da-parete\/\" \/>\n<meta property=\"og:site_name\" content=\"feeldis.com\" \/>\n<meta property=\"og:image\" content=\"https:\/\/feeldis.com\/wp-content\/uploads\/2024\/07\/cat-4.jpg\" \/>\n\t<meta property=\"og:image:width\" content=\"1440\" \/>\n\t<meta property=\"og:image:height\" content=\"1801\" \/>\n\t<meta property=\"og:image:type\" content=\"image\/jpeg\" \/>\n<meta name=\"twitter:card\" content=\"summary_large_image\" \/>\n<meta name=\"twitter:label1\" content=\"Prezzo\" \/>\n\t<meta name=\"twitter:data1\" content=\"45,00&nbsp;&euro;\" \/>\n\t<meta name=\"twitter:label2\" content=\"Disponibilit\u00e0\" \/>\n\t<meta name=\"twitter:data2\" content=\"In stock\" \/>\n<script type=\"application\/ld+json\" class=\"yoast-schema-graph\">{\"@context\":\"https:\\\/\\\/schema.org\",\"@graph\":[{\"@type\":\"WebPage\",\"@id\":\"https:\\\/\\\/feeldis.com\\\/it\\\/store\\\/incantevole-silhouette-di-gatto-da-parete\\\/\",\"url\":\"https:\\\/\\\/feeldis.com\\\/it\\\/store\\\/incantevole-silhouette-di-gatto-da-parete\\\/\",\"name\":\"Incantevole decorazione murale con silhouette di gatto - Arte moderna in HDF per la casa &#8226; feeldis.com\",\"isPartOf\":{\"@id\":\"https:\\\/\\\/feeldis.com\\\/it\\\/#website\"},\"primaryImageOfPage\":{\"@id\":\"https:\\\/\\\/feeldis.com\\\/it\\\/store\\\/incantevole-silhouette-di-gatto-da-parete\\\/#primaryimage\"},\"image\":{\"@id\":\"https:\\\/\\\/feeldis.com\\\/it\\\/store\\\/incantevole-silhouette-di-gatto-da-parete\\\/#primaryimage\"},\"thumbnailUrl\":\"https:\\\/\\\/feeldis.com\\\/wp-content\\\/uploads\\\/2024\\\/07\\\/cat-4.jpg\",\"datePublished\":\"2024-07-14T12:07:10+00:00\",\"description\":\"Scoprite la nostra incantevole decorazione murale con silhouette di gatto. Questo moderno pezzo d'arte in HDF presenta quattro giocosi disegni di gatti, perfetti per aggiungere un tocco di estrosit\u00e0 alla vostra casa. Ideale per gli amanti dei gatti e dell'arredamento moderno.\",\"breadcrumb\":{\"@id\":\"https:\\\/\\\/feeldis.com\\\/it\\\/store\\\/incantevole-silhouette-di-gatto-da-parete\\\/#breadcrumb\"},\"inLanguage\":\"it-IT\",\"potentialAction\":[{\"@type\":\"ReadAction\",\"target\":[\"https:\\\/\\\/feeldis.com\\\/it\\\/store\\\/incantevole-silhouette-di-gatto-da-parete\\\/\"]}]},{\"@type\":\"ImageObject\",\"inLanguage\":\"it-IT\",\"@id\":\"https:\\\/\\\/feeldis.com\\\/it\\\/store\\\/incantevole-silhouette-di-gatto-da-parete\\\/#primaryimage\",\"url\":\"https:\\\/\\\/feeldis.com\\\/wp-content\\\/uploads\\\/2024\\\/07\\\/cat-4.jpg\",\"contentUrl\":\"https:\\\/\\\/feeldis.com\\\/wp-content\\\/uploads\\\/2024\\\/07\\\/cat-4.jpg\",\"width\":1440,\"height\":1801,\"caption\":\"Charming Cat Silhouette Wall Decor adds a whimsical touch to this modern bedroom.\"},{\"@type\":\"BreadcrumbList\",\"@id\":\"https:\\\/\\\/feeldis.com\\\/it\\\/store\\\/incantevole-silhouette-di-gatto-da-parete\\\/#breadcrumb\",\"itemListElement\":[{\"@type\":\"ListItem\",\"position\":1,\"name\":\"Home\",\"item\":\"https:\\\/\\\/feeldis.com\\\/it\\\/art-zone\\\/\"},{\"@type\":\"ListItem\",\"position\":2,\"name\":\"Store\",\"item\":\"https:\\\/\\\/feeldis.com\\\/store\\\/\"},{\"@type\":\"ListItem\",\"position\":3,\"name\":\"Incantevole silhouette di gatto da parete\"}]},{\"@type\":\"WebSite\",\"@id\":\"https:\\\/\\\/feeldis.com\\\/it\\\/#website\",\"url\":\"https:\\\/\\\/feeldis.com\\\/it\\\/\",\"name\":\"feeldis.com\",\"description\":\"\",\"publisher\":{\"@id\":\"https:\\\/\\\/feeldis.com\\\/it\\\/#organization\"},\"potentialAction\":[{\"@type\":\"SearchAction\",\"target\":{\"@type\":\"EntryPoint\",\"urlTemplate\":\"https:\\\/\\\/feeldis.com\\\/it\\\/?s={search_term_string}\"},\"query-input\":{\"@type\":\"PropertyValueSpecification\",\"valueRequired\":true,\"valueName\":\"search_term_string\"}}],\"inLanguage\":\"it-IT\"},{\"@type\":\"Organization\",\"@id\":\"https:\\\/\\\/feeldis.com\\\/it\\\/#organization\",\"name\":\"feeldis.com\",\"url\":\"https:\\\/\\\/feeldis.com\\\/it\\\/\",\"logo\":{\"@type\":\"ImageObject\",\"inLanguage\":\"it-IT\",\"@id\":\"https:\\\/\\\/feeldis.com\\\/it\\\/#\\\/schema\\\/logo\\\/image\\\/\",\"url\":\"https:\\\/\\\/feeldis.com\\\/wp-content\\\/uploads\\\/2024\\\/03\\\/logo-main-feeldis.png\",\"contentUrl\":\"https:\\\/\\\/feeldis.com\\\/wp-content\\\/uploads\\\/2024\\\/03\\\/logo-main-feeldis.png\",\"width\":1070,\"height\":272,\"caption\":\"feeldis.com\"},\"image\":{\"@id\":\"https:\\\/\\\/feeldis.com\\\/it\\\/#\\\/schema\\\/logo\\\/image\\\/\"}}]}<\/script>\n<meta property=\"product:price:amount\" content=\"45.00\" \/>\n<meta property=\"product:price:currency\" content=\"EUR\" \/>\n<meta property=\"og:availability\" content=\"instock\" \/>\n<meta property=\"product:availability\" content=\"instock\" \/>\n<meta property=\"product:retailer_item_id\" content=\"D0885\" \/>\n<meta property=\"product:condition\" content=\"new\" \/>\n<!-- \/ Yoast SEO Premium plugin. -->","yoast_head_json":{"title":"Incantevole decorazione murale con silhouette di gatto - Arte moderna in HDF per la casa &#8226; feeldis.com","description":"Scoprite la nostra incantevole decorazione murale con silhouette di gatto. Questo moderno pezzo d'arte in HDF presenta quattro giocosi disegni di gatti, perfetti per aggiungere un tocco di estrosit\u00e0 alla vostra casa. Ideale per gli amanti dei gatti e dell'arredamento moderno.","robots":{"index":"index","follow":"follow","max-snippet":"max-snippet:-1","max-image-preview":"max-image-preview:large","max-video-preview":"max-video-preview:-1"},"canonical":"https:\/\/feeldis.com\/it\/store\/incantevole-silhouette-di-gatto-da-parete\/","og_locale":"it_IT","og_type":"article","og_title":"Incantevole silhouette di gatto da parete","og_description":"Scoprite la nostra incantevole decorazione murale con silhouette di gatto. Questo moderno pezzo d'arte in HDF presenta quattro giocosi disegni di gatti, perfetti per aggiungere un tocco di estrosit\u00e0 alla vostra casa. Ideale per gli amanti dei gatti e dell'arredamento moderno.","og_url":"https:\/\/feeldis.com\/it\/store\/incantevole-silhouette-di-gatto-da-parete\/","og_site_name":"feeldis.com","og_image":[{"width":1440,"height":1801,"url":"https:\/\/feeldis.com\/wp-content\/uploads\/2024\/07\/cat-4.jpg","type":"image\/jpeg"}],"twitter_card":"summary_large_image","twitter_misc":{"Prezzo":"45,00&nbsp;&euro;","Disponibilit\u00e0":"In stock"},"schema":{"@context":"https:\/\/schema.org","@graph":[{"@type":"WebPage","@id":"https:\/\/feeldis.com\/it\/store\/incantevole-silhouette-di-gatto-da-parete\/","url":"https:\/\/feeldis.com\/it\/store\/incantevole-silhouette-di-gatto-da-parete\/","name":"Incantevole decorazione murale con silhouette di gatto - Arte moderna in HDF per la casa &#8226; feeldis.com","isPartOf":{"@id":"https:\/\/feeldis.com\/it\/#website"},"primaryImageOfPage":{"@id":"https:\/\/feeldis.com\/it\/store\/incantevole-silhouette-di-gatto-da-parete\/#primaryimage"},"image":{"@id":"https:\/\/feeldis.com\/it\/store\/incantevole-silhouette-di-gatto-da-parete\/#primaryimage"},"thumbnailUrl":"https:\/\/feeldis.com\/wp-content\/uploads\/2024\/07\/cat-4.jpg","datePublished":"2024-07-14T12:07:10+00:00","description":"Scoprite la nostra incantevole decorazione murale con silhouette di gatto. Questo moderno pezzo d'arte in HDF presenta quattro giocosi disegni di gatti, perfetti per aggiungere un tocco di estrosit\u00e0 alla vostra casa. Ideale per gli amanti dei gatti e dell'arredamento moderno.","breadcrumb":{"@id":"https:\/\/feeldis.com\/it\/store\/incantevole-silhouette-di-gatto-da-parete\/#breadcrumb"},"inLanguage":"it-IT","potentialAction":[{"@type":"ReadAction","target":["https:\/\/feeldis.com\/it\/store\/incantevole-silhouette-di-gatto-da-parete\/"]}]},{"@type":"ImageObject","inLanguage":"it-IT","@id":"https:\/\/feeldis.com\/it\/store\/incantevole-silhouette-di-gatto-da-parete\/#primaryimage","url":"https:\/\/feeldis.com\/wp-content\/uploads\/2024\/07\/cat-4.jpg","contentUrl":"https:\/\/feeldis.com\/wp-content\/uploads\/2024\/07\/cat-4.jpg","width":1440,"height":1801,"caption":"Charming Cat Silhouette Wall Decor adds a whimsical touch to this modern bedroom."},{"@type":"BreadcrumbList","@id":"https:\/\/feeldis.com\/it\/store\/incantevole-silhouette-di-gatto-da-parete\/#breadcrumb","itemListElement":[{"@type":"ListItem","position":1,"name":"Home","item":"https:\/\/feeldis.com\/it\/art-zone\/"},{"@type":"ListItem","position":2,"name":"Store","item":"https:\/\/feeldis.com\/store\/"},{"@type":"ListItem","position":3,"name":"Incantevole silhouette di gatto da parete"}]},{"@type":"WebSite","@id":"https:\/\/feeldis.com\/it\/#website","url":"https:\/\/feeldis.com\/it\/","name":"feeldis.com","description":"","publisher":{"@id":"https:\/\/feeldis.com\/it\/#organization"},"potentialAction":[{"@type":"SearchAction","target":{"@type":"EntryPoint","urlTemplate":"https:\/\/feeldis.com\/it\/?s={search_term_string}"},"query-input":{"@type":"PropertyValueSpecification","valueRequired":true,"valueName":"search_term_string"}}],"inLanguage":"it-IT"},{"@type":"Organization","@id":"https:\/\/feeldis.com\/it\/#organization","name":"feeldis.com","url":"https:\/\/feeldis.com\/it\/","logo":{"@type":"ImageObject","inLanguage":"it-IT","@id":"https:\/\/feeldis.com\/it\/#\/schema\/logo\/image\/","url":"https:\/\/feeldis.com\/wp-content\/uploads\/2024\/03\/logo-main-feeldis.png","contentUrl":"https:\/\/feeldis.com\/wp-content\/uploads\/2024\/03\/logo-main-feeldis.png","width":1070,"height":272,"caption":"feeldis.com"},"image":{"@id":"https:\/\/feeldis.com\/it\/#\/schema\/logo\/image\/"}}]},"product_price_amount":"45.00","product_price_currency":"EUR","og_availability":"instock","product_availability":"instock","product_retailer_item_id":"D0885","product_condition":"new"},"_links":{"self":[{"href":"https:\/\/feeldis.com\/it\/wp-json\/wp\/v2\/product\/2241","targetHints":{"allow":["GET"]}}],"collection":[{"href":"https:\/\/feeldis.com\/it\/wp-json\/wp\/v2\/product"}],"about":[{"href":"https:\/\/feeldis.com\/it\/wp-json\/wp\/v2\/types\/product"}],"replies":[{"embeddable":true,"href":"https:\/\/feeldis.com\/it\/wp-json\/wp\/v2\/comments?post=2241"}],"wp:featuredmedia":[{"embeddable":true,"href":"https:\/\/feeldis.com\/it\/wp-json\/wp\/v2\/media\/2144"}],"wp:attachment":[{"href":"https:\/\/feeldis.com\/it\/wp-json\/wp\/v2\/media?parent=2241"}],"wp:term":[{"taxonomy":"product_brand","embeddable":true,"href":"https:\/\/feeldis.com\/it\/wp-json\/wp\/v2\/product_brand?post=2241"},{"taxonomy":"product_cat","embeddable":true,"href":"https:\/\/feeldis.com\/it\/wp-json\/wp\/v2\/product_cat?post=2241"},{"taxonomy":"product_tag","embeddable":true,"href":"https:\/\/feeldis.com\/it\/wp-json\/wp\/v2\/product_tag?post=2241"}],"curies":[{"name":"wp","href":"https:\/\/api.w.org\/{rel}","templated":true}]}}