{"id":2483,"date":"2024-07-16T08:45:24","date_gmt":"2024-07-16T08:45:24","guid":{"rendered":"https:\/\/feeldis.com\/store\/stylish-guitar-silhouette-wall-decor\/"},"modified":"2024-07-16T08:45:24","modified_gmt":"2024-07-16T08:45:24","slug":"stylish-guitar-silhouette-wall-decor","status":"publish","type":"product","link":"https:\/\/feeldis.com\/it\/store\/stylish-guitar-silhouette-wall-decor\/","title":{"rendered":"Stylish Guitar Silhouette Wall Decor"},"content":{"rendered":"<p>Trasformate la vostra casa con la nostra elegante decorazione da parete con sagoma di chitarra. Realizzato in pannelli di fibra ad alta densit\u00e0 (HDF), questo set di quattro sagome di chitarra uniche \u00e8 perfetto per ogni amante della musica. Il design minimalista \u00e8 caratterizzato da diverse palette di chitarra, che creano un look suggestivo e moderno che si adatta a diversi stili di interni. In salotto, in camera da letto o nella stanza della musica, questi appendiabiti da parete aggiungono un tocco unico e artistico al vostro spazio. Facile da installare e da mantenere, la nostra decorazione da parete per chitarra \u00e8 un regalo perfetto per voi stessi o per qualsiasi appassionato di musica.<\/p>\n<p><img decoding=\"async\" class=\"alignnone size-medium wp-image-2301\" src=\"https:\/\/feeldis.com\/wp-content\/uploads\/2024\/07\/Guitar-wall-decor-E0021472-3-600x400.jpg\" alt=\"\" width=\"600\" height=\"400\" srcset=\"https:\/\/feeldis.com\/wp-content\/uploads\/2024\/07\/Guitar-wall-decor-E0021472-3-600x400.jpg 600w, https:\/\/feeldis.com\/wp-content\/uploads\/2024\/07\/Guitar-wall-decor-E0021472-3-1200x800.jpg 1200w, https:\/\/feeldis.com\/wp-content\/uploads\/2024\/07\/Guitar-wall-decor-E0021472-3-768x512.jpg 768w, https:\/\/feeldis.com\/wp-content\/uploads\/2024\/07\/Guitar-wall-decor-E0021472-3.jpg 1440w\" sizes=\"(max-width: 600px) 100vw, 600px\" \/> <img decoding=\"async\" class=\"alignnone size-medium wp-image-2309\" src=\"https:\/\/feeldis.com\/wp-content\/uploads\/2024\/07\/Guitar-wall-decor-E0021472-4-533x400.jpg\" alt=\"\" width=\"533\" height=\"400\" srcset=\"https:\/\/feeldis.com\/wp-content\/uploads\/2024\/07\/Guitar-wall-decor-E0021472-4-533x400.jpg 533w, https:\/\/feeldis.com\/wp-content\/uploads\/2024\/07\/Guitar-wall-decor-E0021472-4-1200x900.jpg 1200w, https:\/\/feeldis.com\/wp-content\/uploads\/2024\/07\/Guitar-wall-decor-E0021472-4-1067x800.jpg 1067w, https:\/\/feeldis.com\/wp-content\/uploads\/2024\/07\/Guitar-wall-decor-E0021472-4-768x576.jpg 768w, https:\/\/feeldis.com\/wp-content\/uploads\/2024\/07\/Guitar-wall-decor-E0021472-4.jpg 1280w\" sizes=\"(max-width: 533px) 100vw, 533px\" \/> <img decoding=\"async\" class=\"alignnone size-medium wp-image-2317\" src=\"https:\/\/feeldis.com\/wp-content\/uploads\/2024\/07\/Guitar-wall-decor-E0021472-5-305x400.jpg\" alt=\"\" width=\"305\" height=\"400\" srcset=\"https:\/\/feeldis.com\/wp-content\/uploads\/2024\/07\/Guitar-wall-decor-E0021472-5-305x400.jpg 305w, https:\/\/feeldis.com\/wp-content\/uploads\/2024\/07\/Guitar-wall-decor-E0021472-5-1200x1572.jpg 1200w, https:\/\/feeldis.com\/wp-content\/uploads\/2024\/07\/Guitar-wall-decor-E0021472-5-611x800.jpg 611w, https:\/\/feeldis.com\/wp-content\/uploads\/2024\/07\/Guitar-wall-decor-E0021472-5-768x1006.jpg 768w, https:\/\/feeldis.com\/wp-content\/uploads\/2024\/07\/Guitar-wall-decor-E0021472-5-1173x1536.jpg 1173w, https:\/\/feeldis.com\/wp-content\/uploads\/2024\/07\/Guitar-wall-decor-E0021472-5.jpg 1375w\" sizes=\"(max-width: 305px) 100vw, 305px\" \/><\/p>\n<figure id=\"attachment_2338\" aria-describedby=\"caption-attachment-2338\" style=\"width: 387px\" class=\"wp-caption alignnone\"><img decoding=\"async\" class=\"size-medium wp-image-2333\" src=\"https:\/\/feeldis.com\/wp-content\/uploads\/2024\/07\/Guitar-wall-decor-E0021472-387x400.png\" alt=\"Elegante decorazione murale con silhouette di chitarra in una camera da letto moderna\" width=\"387\" height=\"400\" srcset=\"https:\/\/feeldis.com\/wp-content\/uploads\/2024\/07\/Guitar-wall-decor-E0021472-387x400.png 387w, https:\/\/feeldis.com\/wp-content\/uploads\/2024\/07\/Guitar-wall-decor-E0021472-600x621.png 600w, https:\/\/feeldis.com\/wp-content\/uploads\/2024\/07\/Guitar-wall-decor-E0021472.png 631w\" sizes=\"(max-width: 387px) 100vw, 387px\" \/><figcaption id=\"caption-attachment-2338\" class=\"wp-caption-text\">L&#8217;elegante decorazione da parete con silhouette di chitarra arricchisce la camera da letto moderna con un tocco musicale.<\/figcaption><\/figure>\n<p><img decoding=\"async\" class=\"alignnone size-medium wp-image-2341\" src=\"https:\/\/feeldis.com\/wp-content\/uploads\/2024\/07\/Guitar-wall-decor-E0021472-1-371x400.jpg\" alt=\"\" width=\"371\" height=\"400\" srcset=\"https:\/\/feeldis.com\/wp-content\/uploads\/2024\/07\/Guitar-wall-decor-E0021472-1-371x400.jpg 371w, https:\/\/feeldis.com\/wp-content\/uploads\/2024\/07\/Guitar-wall-decor-E0021472-1-300x324.jpg 300w, https:\/\/feeldis.com\/wp-content\/uploads\/2024\/07\/Guitar-wall-decor-E0021472-1-600x647.jpg 600w, https:\/\/feeldis.com\/wp-content\/uploads\/2024\/07\/Guitar-wall-decor-E0021472-1.jpg 651w\" sizes=\"(max-width: 371px) 100vw, 371px\" \/> <img decoding=\"async\" class=\"alignnone size-medium wp-image-2349\" src=\"https:\/\/feeldis.com\/wp-content\/uploads\/2024\/07\/Guitar-wall-decor-E0021472-2-367x400.jpg\" alt=\"\" width=\"367\" height=\"400\" srcset=\"https:\/\/feeldis.com\/wp-content\/uploads\/2024\/07\/Guitar-wall-decor-E0021472-2-367x400.jpg 367w, https:\/\/feeldis.com\/wp-content\/uploads\/2024\/07\/Guitar-wall-decor-E0021472-2-600x654.jpg 600w, https:\/\/feeldis.com\/wp-content\/uploads\/2024\/07\/Guitar-wall-decor-E0021472-2.jpg 650w\" sizes=\"(max-width: 367px) 100vw, 367px\" \/> <img decoding=\"async\" class=\"alignnone size-medium wp-image-2325\" src=\"https:\/\/feeldis.com\/wp-content\/uploads\/2024\/07\/Guitar-wall-decor-E0021472-file-cdr-and-eps-svg-free-vector-download-for-laser-cut-plasma-800x315.jpg\" alt=\"\" width=\"800\" height=\"315\" srcset=\"https:\/\/feeldis.com\/wp-content\/uploads\/2024\/07\/Guitar-wall-decor-E0021472-file-cdr-and-eps-svg-free-vector-download-for-laser-cut-plasma-800x315.jpg 800w, https:\/\/feeldis.com\/wp-content\/uploads\/2024\/07\/Guitar-wall-decor-E0021472-file-cdr-and-eps-svg-free-vector-download-for-laser-cut-plasma-scaled-1200x472.jpg 1200w, https:\/\/feeldis.com\/wp-content\/uploads\/2024\/07\/Guitar-wall-decor-E0021472-file-cdr-and-eps-svg-free-vector-download-for-laser-cut-plasma-1400x551.jpg 1400w, https:\/\/feeldis.com\/wp-content\/uploads\/2024\/07\/Guitar-wall-decor-E0021472-file-cdr-and-eps-svg-free-vector-download-for-laser-cut-plasma-768x302.jpg 768w, https:\/\/feeldis.com\/wp-content\/uploads\/2024\/07\/Guitar-wall-decor-E0021472-file-cdr-and-eps-svg-free-vector-download-for-laser-cut-plasma-1536x604.jpg 1536w, https:\/\/feeldis.com\/wp-content\/uploads\/2024\/07\/Guitar-wall-decor-E0021472-file-cdr-and-eps-svg-free-vector-download-for-laser-cut-plasma-2048x806.jpg 2048w\" sizes=\"(max-width: 800px) 100vw, 800px\" \/><\/p>\n","protected":false},"excerpt":{"rendered":"<p>Valorizzate il vostro spazio abitativo con la nostra elegante decorazione da parete con silhouette di chitarra. Questo pezzo d&#8217;arte in HDF, minimalista e moderno, aggiunge un tocco musicale a qualsiasi ambiente.<\/p>\n","protected":false},"featured_media":2338,"comment_status":"open","ping_status":"closed","template":"","meta":[],"product_brand":[502],"product_cat":[250,251],"product_tag":[258,260,259,319,257,254,262,317,263,255,318,261],"class_list":{"0":"post-2483","1":"product","2":"type-product","3":"status-publish","4":"has-post-thumbnail","6":"product_brand-raven-craft","7":"product_cat-arredamento-per-la-casa","8":"product_cat-decorazioni-murali","9":"product_tag-appeso-a-parete","10":"product_tag-arredamento-minimalista","11":"product_tag-arredamento-moderno","12":"product_tag-arredamento-musicale","13":"product_tag-arredamento-per-la-casa","14":"product_tag-arte-da-parete-in-hdf","15":"product_tag-arte-hdf","16":"product_tag-chitarra-decorazione-da-parete","17":"product_tag-decorazione-dinterni","18":"product_tag-decorazioni-da-parete-nere","19":"product_tag-silhouette-di-chitarra","20":"product_tag-taglio-laser","21":"product_shipping_class-1-kg-it","23":"first","24":"instock","25":"shipping-taxable","26":"purchasable","27":"product-type-simple"},"exclude_global_add_ons":[],"addons":[],"yoast_head":"<!-- This site is optimized with the Yoast SEO Premium plugin v23.6 (Yoast SEO v27.3) - https:\/\/yoast.com\/product\/yoast-seo-premium-wordpress\/ -->\n<title>Elegante decorazione murale della silhouette di una chitarra - arte moderna in HDF per la casa &#8226; feeldis.com<\/title>\n<meta name=\"description\" content=\"Scoprite le nostre eleganti decorazioni da parete con la silhouette di una chitarra. Questo moderno pezzo d&#039;arte in HDF presenta quattro distinti disegni di chitarra, perfetti per aggiungere un tocco musicale alla vostra casa. Ideale per gli amanti della musica e dell&#039;arredamento moderno.\" \/>\n<meta name=\"robots\" content=\"index, follow, max-snippet:-1, max-image-preview:large, max-video-preview:-1\" \/>\n<link rel=\"canonical\" href=\"https:\/\/feeldis.com\/it\/store\/stylish-guitar-silhouette-wall-decor\/\" \/>\n<meta property=\"og:locale\" content=\"it_IT\" \/>\n<meta property=\"og:type\" content=\"article\" \/>\n<meta property=\"og:title\" content=\"Stylish Guitar Silhouette Wall Decor\" \/>\n<meta property=\"og:description\" content=\"Scoprite le nostre eleganti decorazioni da parete con la silhouette di una chitarra. Questo moderno pezzo d&#039;arte in HDF presenta quattro distinti disegni di chitarra, perfetti per aggiungere un tocco musicale alla vostra casa. Ideale per gli amanti della musica e dell&#039;arredamento moderno.\" \/>\n<meta property=\"og:url\" content=\"https:\/\/feeldis.com\/it\/store\/stylish-guitar-silhouette-wall-decor\/\" \/>\n<meta property=\"og:site_name\" content=\"feeldis.com\" \/>\n<meta property=\"og:image\" content=\"https:\/\/feeldis.com\/wp-content\/uploads\/2024\/07\/Guitar-wall-decor-E0021472.png\" \/>\n\t<meta property=\"og:image:width\" content=\"631\" \/>\n\t<meta property=\"og:image:height\" content=\"653\" \/>\n\t<meta property=\"og:image:type\" content=\"image\/png\" \/>\n<meta name=\"twitter:card\" content=\"summary_large_image\" \/>\n<meta name=\"twitter:label1\" content=\"Prezzo\" \/>\n\t<meta name=\"twitter:data1\" content=\"56,00&nbsp;&euro;\" \/>\n\t<meta name=\"twitter:label2\" content=\"Disponibilit\u00e0\" \/>\n\t<meta name=\"twitter:data2\" content=\"In stock\" \/>\n<script type=\"application\/ld+json\" class=\"yoast-schema-graph\">{\"@context\":\"https:\\\/\\\/schema.org\",\"@graph\":[{\"@type\":\"WebPage\",\"@id\":\"https:\\\/\\\/feeldis.com\\\/it\\\/store\\\/stylish-guitar-silhouette-wall-decor\\\/\",\"url\":\"https:\\\/\\\/feeldis.com\\\/it\\\/store\\\/stylish-guitar-silhouette-wall-decor\\\/\",\"name\":\"Elegante decorazione murale della silhouette di una chitarra - arte moderna in HDF per la casa &#8226; feeldis.com\",\"isPartOf\":{\"@id\":\"https:\\\/\\\/feeldis.com\\\/it\\\/#website\"},\"primaryImageOfPage\":{\"@id\":\"https:\\\/\\\/feeldis.com\\\/it\\\/store\\\/stylish-guitar-silhouette-wall-decor\\\/#primaryimage\"},\"image\":{\"@id\":\"https:\\\/\\\/feeldis.com\\\/it\\\/store\\\/stylish-guitar-silhouette-wall-decor\\\/#primaryimage\"},\"thumbnailUrl\":\"https:\\\/\\\/feeldis.com\\\/wp-content\\\/uploads\\\/2024\\\/07\\\/Guitar-wall-decor-E0021472.png\",\"datePublished\":\"2024-07-16T08:45:24+00:00\",\"description\":\"Scoprite le nostre eleganti decorazioni da parete con la silhouette di una chitarra. Questo moderno pezzo d'arte in HDF presenta quattro distinti disegni di chitarra, perfetti per aggiungere un tocco musicale alla vostra casa. Ideale per gli amanti della musica e dell'arredamento moderno.\",\"breadcrumb\":{\"@id\":\"https:\\\/\\\/feeldis.com\\\/it\\\/store\\\/stylish-guitar-silhouette-wall-decor\\\/#breadcrumb\"},\"inLanguage\":\"it-IT\",\"potentialAction\":[{\"@type\":\"ReadAction\",\"target\":[\"https:\\\/\\\/feeldis.com\\\/it\\\/store\\\/stylish-guitar-silhouette-wall-decor\\\/\"]}]},{\"@type\":\"ImageObject\",\"inLanguage\":\"it-IT\",\"@id\":\"https:\\\/\\\/feeldis.com\\\/it\\\/store\\\/stylish-guitar-silhouette-wall-decor\\\/#primaryimage\",\"url\":\"https:\\\/\\\/feeldis.com\\\/wp-content\\\/uploads\\\/2024\\\/07\\\/Guitar-wall-decor-E0021472.png\",\"contentUrl\":\"https:\\\/\\\/feeldis.com\\\/wp-content\\\/uploads\\\/2024\\\/07\\\/Guitar-wall-decor-E0021472.png\",\"width\":631,\"height\":653,\"caption\":\"Stylish Guitar Silhouette Wall Decor enhances the modern bedroom with a musical touch.\"},{\"@type\":\"BreadcrumbList\",\"@id\":\"https:\\\/\\\/feeldis.com\\\/it\\\/store\\\/stylish-guitar-silhouette-wall-decor\\\/#breadcrumb\",\"itemListElement\":[{\"@type\":\"ListItem\",\"position\":1,\"name\":\"Home\",\"item\":\"https:\\\/\\\/feeldis.com\\\/it\\\/art-zone\\\/\"},{\"@type\":\"ListItem\",\"position\":2,\"name\":\"Store\",\"item\":\"https:\\\/\\\/feeldis.com\\\/store\\\/\"},{\"@type\":\"ListItem\",\"position\":3,\"name\":\"Stylish Guitar Silhouette Wall Decor\"}]},{\"@type\":\"WebSite\",\"@id\":\"https:\\\/\\\/feeldis.com\\\/it\\\/#website\",\"url\":\"https:\\\/\\\/feeldis.com\\\/it\\\/\",\"name\":\"feeldis.com\",\"description\":\"\",\"publisher\":{\"@id\":\"https:\\\/\\\/feeldis.com\\\/it\\\/#organization\"},\"potentialAction\":[{\"@type\":\"SearchAction\",\"target\":{\"@type\":\"EntryPoint\",\"urlTemplate\":\"https:\\\/\\\/feeldis.com\\\/it\\\/?s={search_term_string}\"},\"query-input\":{\"@type\":\"PropertyValueSpecification\",\"valueRequired\":true,\"valueName\":\"search_term_string\"}}],\"inLanguage\":\"it-IT\"},{\"@type\":\"Organization\",\"@id\":\"https:\\\/\\\/feeldis.com\\\/it\\\/#organization\",\"name\":\"feeldis.com\",\"url\":\"https:\\\/\\\/feeldis.com\\\/it\\\/\",\"logo\":{\"@type\":\"ImageObject\",\"inLanguage\":\"it-IT\",\"@id\":\"https:\\\/\\\/feeldis.com\\\/it\\\/#\\\/schema\\\/logo\\\/image\\\/\",\"url\":\"https:\\\/\\\/feeldis.com\\\/wp-content\\\/uploads\\\/2024\\\/03\\\/logo-main-feeldis.png\",\"contentUrl\":\"https:\\\/\\\/feeldis.com\\\/wp-content\\\/uploads\\\/2024\\\/03\\\/logo-main-feeldis.png\",\"width\":1070,\"height\":272,\"caption\":\"feeldis.com\"},\"image\":{\"@id\":\"https:\\\/\\\/feeldis.com\\\/it\\\/#\\\/schema\\\/logo\\\/image\\\/\"}}]}<\/script>\n<meta property=\"product:price:amount\" content=\"56.00\" \/>\n<meta property=\"product:price:currency\" content=\"EUR\" \/>\n<meta property=\"og:availability\" content=\"instock\" \/>\n<meta property=\"product:availability\" content=\"instock\" \/>\n<meta property=\"product:retailer_item_id\" content=\"D0884\" \/>\n<meta property=\"product:condition\" content=\"new\" \/>\n<!-- \/ Yoast SEO Premium plugin. -->","yoast_head_json":{"title":"Elegante decorazione murale della silhouette di una chitarra - arte moderna in HDF per la casa &#8226; feeldis.com","description":"Scoprite le nostre eleganti decorazioni da parete con la silhouette di una chitarra. Questo moderno pezzo d'arte in HDF presenta quattro distinti disegni di chitarra, perfetti per aggiungere un tocco musicale alla vostra casa. Ideale per gli amanti della musica e dell'arredamento moderno.","robots":{"index":"index","follow":"follow","max-snippet":"max-snippet:-1","max-image-preview":"max-image-preview:large","max-video-preview":"max-video-preview:-1"},"canonical":"https:\/\/feeldis.com\/it\/store\/stylish-guitar-silhouette-wall-decor\/","og_locale":"it_IT","og_type":"article","og_title":"Stylish Guitar Silhouette Wall Decor","og_description":"Scoprite le nostre eleganti decorazioni da parete con la silhouette di una chitarra. Questo moderno pezzo d'arte in HDF presenta quattro distinti disegni di chitarra, perfetti per aggiungere un tocco musicale alla vostra casa. Ideale per gli amanti della musica e dell'arredamento moderno.","og_url":"https:\/\/feeldis.com\/it\/store\/stylish-guitar-silhouette-wall-decor\/","og_site_name":"feeldis.com","og_image":[{"width":631,"height":653,"url":"https:\/\/feeldis.com\/wp-content\/uploads\/2024\/07\/Guitar-wall-decor-E0021472.png","type":"image\/png"}],"twitter_card":"summary_large_image","twitter_misc":{"Prezzo":"56,00&nbsp;&euro;","Disponibilit\u00e0":"In stock"},"schema":{"@context":"https:\/\/schema.org","@graph":[{"@type":"WebPage","@id":"https:\/\/feeldis.com\/it\/store\/stylish-guitar-silhouette-wall-decor\/","url":"https:\/\/feeldis.com\/it\/store\/stylish-guitar-silhouette-wall-decor\/","name":"Elegante decorazione murale della silhouette di una chitarra - arte moderna in HDF per la casa &#8226; feeldis.com","isPartOf":{"@id":"https:\/\/feeldis.com\/it\/#website"},"primaryImageOfPage":{"@id":"https:\/\/feeldis.com\/it\/store\/stylish-guitar-silhouette-wall-decor\/#primaryimage"},"image":{"@id":"https:\/\/feeldis.com\/it\/store\/stylish-guitar-silhouette-wall-decor\/#primaryimage"},"thumbnailUrl":"https:\/\/feeldis.com\/wp-content\/uploads\/2024\/07\/Guitar-wall-decor-E0021472.png","datePublished":"2024-07-16T08:45:24+00:00","description":"Scoprite le nostre eleganti decorazioni da parete con la silhouette di una chitarra. Questo moderno pezzo d'arte in HDF presenta quattro distinti disegni di chitarra, perfetti per aggiungere un tocco musicale alla vostra casa. Ideale per gli amanti della musica e dell'arredamento moderno.","breadcrumb":{"@id":"https:\/\/feeldis.com\/it\/store\/stylish-guitar-silhouette-wall-decor\/#breadcrumb"},"inLanguage":"it-IT","potentialAction":[{"@type":"ReadAction","target":["https:\/\/feeldis.com\/it\/store\/stylish-guitar-silhouette-wall-decor\/"]}]},{"@type":"ImageObject","inLanguage":"it-IT","@id":"https:\/\/feeldis.com\/it\/store\/stylish-guitar-silhouette-wall-decor\/#primaryimage","url":"https:\/\/feeldis.com\/wp-content\/uploads\/2024\/07\/Guitar-wall-decor-E0021472.png","contentUrl":"https:\/\/feeldis.com\/wp-content\/uploads\/2024\/07\/Guitar-wall-decor-E0021472.png","width":631,"height":653,"caption":"Stylish Guitar Silhouette Wall Decor enhances the modern bedroom with a musical touch."},{"@type":"BreadcrumbList","@id":"https:\/\/feeldis.com\/it\/store\/stylish-guitar-silhouette-wall-decor\/#breadcrumb","itemListElement":[{"@type":"ListItem","position":1,"name":"Home","item":"https:\/\/feeldis.com\/it\/art-zone\/"},{"@type":"ListItem","position":2,"name":"Store","item":"https:\/\/feeldis.com\/store\/"},{"@type":"ListItem","position":3,"name":"Stylish Guitar Silhouette Wall Decor"}]},{"@type":"WebSite","@id":"https:\/\/feeldis.com\/it\/#website","url":"https:\/\/feeldis.com\/it\/","name":"feeldis.com","description":"","publisher":{"@id":"https:\/\/feeldis.com\/it\/#organization"},"potentialAction":[{"@type":"SearchAction","target":{"@type":"EntryPoint","urlTemplate":"https:\/\/feeldis.com\/it\/?s={search_term_string}"},"query-input":{"@type":"PropertyValueSpecification","valueRequired":true,"valueName":"search_term_string"}}],"inLanguage":"it-IT"},{"@type":"Organization","@id":"https:\/\/feeldis.com\/it\/#organization","name":"feeldis.com","url":"https:\/\/feeldis.com\/it\/","logo":{"@type":"ImageObject","inLanguage":"it-IT","@id":"https:\/\/feeldis.com\/it\/#\/schema\/logo\/image\/","url":"https:\/\/feeldis.com\/wp-content\/uploads\/2024\/03\/logo-main-feeldis.png","contentUrl":"https:\/\/feeldis.com\/wp-content\/uploads\/2024\/03\/logo-main-feeldis.png","width":1070,"height":272,"caption":"feeldis.com"},"image":{"@id":"https:\/\/feeldis.com\/it\/#\/schema\/logo\/image\/"}}]},"product_price_amount":"56.00","product_price_currency":"EUR","og_availability":"instock","product_availability":"instock","product_retailer_item_id":"D0884","product_condition":"new"},"_links":{"self":[{"href":"https:\/\/feeldis.com\/it\/wp-json\/wp\/v2\/product\/2483","targetHints":{"allow":["GET"]}}],"collection":[{"href":"https:\/\/feeldis.com\/it\/wp-json\/wp\/v2\/product"}],"about":[{"href":"https:\/\/feeldis.com\/it\/wp-json\/wp\/v2\/types\/product"}],"replies":[{"embeddable":true,"href":"https:\/\/feeldis.com\/it\/wp-json\/wp\/v2\/comments?post=2483"}],"wp:featuredmedia":[{"embeddable":true,"href":"https:\/\/feeldis.com\/it\/wp-json\/wp\/v2\/media\/2338"}],"wp:attachment":[{"href":"https:\/\/feeldis.com\/it\/wp-json\/wp\/v2\/media?parent=2483"}],"wp:term":[{"taxonomy":"product_brand","embeddable":true,"href":"https:\/\/feeldis.com\/it\/wp-json\/wp\/v2\/product_brand?post=2483"},{"taxonomy":"product_cat","embeddable":true,"href":"https:\/\/feeldis.com\/it\/wp-json\/wp\/v2\/product_cat?post=2483"},{"taxonomy":"product_tag","embeddable":true,"href":"https:\/\/feeldis.com\/it\/wp-json\/wp\/v2\/product_tag?post=2483"}],"curies":[{"name":"wp","href":"https:\/\/api.w.org\/{rel}","templated":true}]}}