{"id":2599,"date":"2024-07-19T08:54:18","date_gmt":"2024-07-19T08:54:18","guid":{"rendered":"https:\/\/feeldis.com\/store\/arte-da-parete-con-rami-di-alberi-eleganti-materiale-hdf\/"},"modified":"2024-07-19T08:54:18","modified_gmt":"2024-07-19T08:54:18","slug":"arte-da-parete-con-rami-di-alberi-eleganti-materiale-hdf","status":"publish","type":"product","link":"https:\/\/feeldis.com\/it\/store\/arte-da-parete-con-rami-di-alberi-eleganti-materiale-hdf\/","title":{"rendered":"Arte da parete con rami di alberi eleganti &#8211; Materiale HDF"},"content":{"rendered":"<p>Aggiungete un tocco di eleganza alla vostra casa con la nostra elegante opera d&#8217;arte con rami d&#8217;albero. Questo raffinato decoro \u00e8 realizzato in pannelli di fibra ad alta densit\u00e0 (HDF), per garantire una lunga durata e una finitura di alta qualit\u00e0. Il design a tre pannelli presenta un ramo d&#8217;albero ben dettagliato in nero, creando un contrasto sorprendente con qualsiasi colore della parete. Perfetta per soggiorni, camere da letto o zone pranzo, questa opera d&#8217;arte da parete apporta un elemento contemporaneo e naturale al vostro arredamento. Il design minimalista ma d&#8217;impatto lo rende un elemento centrale ideale per qualsiasi casa moderna. Facile da appendere, questa decorazione trasformer\u00e0 il vostro spazio in un rifugio sofisticato.<\/p>\n<p>&nbsp;<\/p>\n<p><img decoding=\"async\" class=\"alignnone size-medium wp-image-2546\" src=\"https:\/\/feeldis.com\/wp-content\/uploads\/2024\/07\/photo_2022-04-15_22-26-13-400x400.jpg\" alt=\"\" width=\"400\" height=\"400\" srcset=\"https:\/\/feeldis.com\/wp-content\/uploads\/2024\/07\/photo_2022-04-15_22-26-13-400x400.jpg 400w, https:\/\/feeldis.com\/wp-content\/uploads\/2024\/07\/photo_2022-04-15_22-26-13-800x800.jpg 800w, https:\/\/feeldis.com\/wp-content\/uploads\/2024\/07\/photo_2022-04-15_22-26-13-100x100.jpg 100w, https:\/\/feeldis.com\/wp-content\/uploads\/2024\/07\/photo_2022-04-15_22-26-13-801x800.jpg 801w, https:\/\/feeldis.com\/wp-content\/uploads\/2024\/07\/photo_2022-04-15_22-26-13-280x280.jpg 280w, https:\/\/feeldis.com\/wp-content\/uploads\/2024\/07\/photo_2022-04-15_22-26-13-768x767.jpg 768w, https:\/\/feeldis.com\/wp-content\/uploads\/2024\/07\/photo_2022-04-15_22-26-13-600x599.jpg 600w, https:\/\/feeldis.com\/wp-content\/uploads\/2024\/07\/photo_2022-04-15_22-26-13.jpg 1081w\" sizes=\"(max-width: 400px) 100vw, 400px\" \/> <img decoding=\"async\" class=\"alignnone size-medium wp-image-2554\" src=\"https:\/\/feeldis.com\/wp-content\/uploads\/2024\/07\/Tree-wall-decor-E0022120-1-367x400.jpg\" alt=\"\" width=\"367\" height=\"400\" srcset=\"https:\/\/feeldis.com\/wp-content\/uploads\/2024\/07\/Tree-wall-decor-E0022120-1-367x400.jpg 367w, https:\/\/feeldis.com\/wp-content\/uploads\/2024\/07\/Tree-wall-decor-E0022120-1-300x327.jpg 300w, https:\/\/feeldis.com\/wp-content\/uploads\/2024\/07\/Tree-wall-decor-E0022120-1-600x654.jpg 600w, https:\/\/feeldis.com\/wp-content\/uploads\/2024\/07\/Tree-wall-decor-E0022120-1.jpg 650w\" sizes=\"(max-width: 367px) 100vw, 367px\" \/> <img decoding=\"async\" class=\"alignnone size-medium wp-image-2562\" src=\"https:\/\/feeldis.com\/wp-content\/uploads\/2024\/07\/Tree-wall-decor-E0022120-2-533x400.jpg\" alt=\"\" width=\"533\" height=\"400\" srcset=\"https:\/\/feeldis.com\/wp-content\/uploads\/2024\/07\/Tree-wall-decor-E0022120-2-533x400.jpg 533w, https:\/\/feeldis.com\/wp-content\/uploads\/2024\/07\/Tree-wall-decor-E0022120-2-1200x900.jpg 1200w, https:\/\/feeldis.com\/wp-content\/uploads\/2024\/07\/Tree-wall-decor-E0022120-2-1067x800.jpg 1067w, https:\/\/feeldis.com\/wp-content\/uploads\/2024\/07\/Tree-wall-decor-E0022120-2-768x576.jpg 768w, https:\/\/feeldis.com\/wp-content\/uploads\/2024\/07\/Tree-wall-decor-E0022120-2.jpg 1280w\" sizes=\"(max-width: 533px) 100vw, 533px\" \/><\/p>\n<figure id=\"attachment_2575\" aria-describedby=\"caption-attachment-2575\" style=\"width: 320px\" class=\"wp-caption alignnone\"><img decoding=\"async\" class=\"size-medium wp-image-2570\" src=\"https:\/\/feeldis.com\/wp-content\/uploads\/2024\/07\/Tree-wall-decor-E0022120-3-320x400.jpg\" alt=\"Elegante arte dei rami d'albero nella camera da letto moderna\" width=\"320\" height=\"400\" srcset=\"https:\/\/feeldis.com\/wp-content\/uploads\/2024\/07\/Tree-wall-decor-E0022120-3-320x400.jpg 320w, https:\/\/feeldis.com\/wp-content\/uploads\/2024\/07\/Tree-wall-decor-E0022120-3-640x800.jpg 640w, https:\/\/feeldis.com\/wp-content\/uploads\/2024\/07\/Tree-wall-decor-E0022120-3-768x960.jpg 768w, https:\/\/feeldis.com\/wp-content\/uploads\/2024\/07\/Tree-wall-decor-E0022120-3-600x750.jpg 600w, https:\/\/feeldis.com\/wp-content\/uploads\/2024\/07\/Tree-wall-decor-E0022120-3.jpg 1024w\" sizes=\"(max-width: 320px) 100vw, 320px\" \/><figcaption id=\"caption-attachment-2575\" class=\"wp-caption-text\">L&#8217;opera d&#8217;arte da parete Elegant Tree Branch aggiunge un tocco di natura ed eleganza a questa camera da letto moderna con accenti blu.<\/figcaption><\/figure>\n<p><img decoding=\"async\" class=\"alignnone size-medium wp-image-2578\" src=\"https:\/\/feeldis.com\/wp-content\/uploads\/2024\/07\/Tree-wall-decor-E0022120-4-300x400.jpg\" alt=\"\" width=\"300\" height=\"400\" srcset=\"https:\/\/feeldis.com\/wp-content\/uploads\/2024\/07\/Tree-wall-decor-E0022120-4-300x400.jpg 300w, https:\/\/feeldis.com\/wp-content\/uploads\/2024\/07\/Tree-wall-decor-E0022120-4-600x800.jpg 600w, https:\/\/feeldis.com\/wp-content\/uploads\/2024\/07\/Tree-wall-decor-E0022120-4-768x1024.jpg 768w, https:\/\/feeldis.com\/wp-content\/uploads\/2024\/07\/Tree-wall-decor-E0022120-4.jpg 960w\" sizes=\"(max-width: 300px) 100vw, 300px\" \/> <img decoding=\"async\" class=\"alignnone size-medium wp-image-2586\" src=\"https:\/\/feeldis.com\/wp-content\/uploads\/2024\/07\/Tree-wall-decor-E0022120-800x396.jpg\" alt=\"\" width=\"800\" height=\"396\" srcset=\"https:\/\/feeldis.com\/wp-content\/uploads\/2024\/07\/Tree-wall-decor-E0022120-800x396.jpg 800w, https:\/\/feeldis.com\/wp-content\/uploads\/2024\/07\/Tree-wall-decor-E0022120-scaled-1200x594.jpg 1200w, https:\/\/feeldis.com\/wp-content\/uploads\/2024\/07\/Tree-wall-decor-E0022120-1400x693.jpg 1400w, https:\/\/feeldis.com\/wp-content\/uploads\/2024\/07\/Tree-wall-decor-E0022120-768x380.jpg 768w, https:\/\/feeldis.com\/wp-content\/uploads\/2024\/07\/Tree-wall-decor-E0022120-1536x760.jpg 1536w, https:\/\/feeldis.com\/wp-content\/uploads\/2024\/07\/Tree-wall-decor-E0022120-2048x1014.jpg 2048w\" sizes=\"(max-width: 800px) 100vw, 800px\" \/><\/p>\n","protected":false},"excerpt":{"rendered":"<p>Elevate il vostro spazio abitativo con la nostra elegante opera d&#8217;arte con rami d&#8217;albero, realizzata in HDF di alta qualit\u00e0. Questo splendido pezzo porta la bellezza della natura in casa con il suo design intricato e l&#8217;estetica moderna.<\/p>\n","protected":false},"featured_media":2575,"comment_status":"open","ping_status":"closed","template":"","meta":[],"product_brand":[502],"product_cat":[250,251],"product_tag":[446,260,448,254,452,447,451,453,449,450],"class_list":{"0":"post-2599","1":"product","2":"type-product","3":"status-publish","4":"has-post-thumbnail","6":"product_brand-raven-craft","7":"product_cat-arredamento-per-la-casa","8":"product_cat-decorazioni-murali","9":"product_tag-albero-decorazione-da-parete","10":"product_tag-arredamento-minimalista","11":"product_tag-arredamento-moderno-per-la-casa","12":"product_tag-arte-da-parete-in-hdf","13":"product_tag-arte-da-parete-nera","14":"product_tag-arte-del-ramo-nero","15":"product_tag-decorazione-murale","16":"product_tag-decorazione-murale-contemporanea","17":"product_tag-pannelli-a-parete","18":"product_tag-ramo-dellalbero","19":"product_shipping_class-1-kg-it","21":"first","22":"instock","23":"shipping-taxable","24":"purchasable","25":"product-type-simple"},"exclude_global_add_ons":[],"addons":[],"yoast_head":"<!-- This site is optimized with the Yoast SEO Premium plugin v23.6 (Yoast SEO v27.3) - https:\/\/yoast.com\/product\/yoast-seo-premium-wordpress\/ -->\n<title>Arte da parete con rami di alberi eleganti - Materiale HDF &#8226; feeldis.com<\/title>\n<meta name=\"description\" content=\"Scoprite l&#039;elegante arte dei rami d&#039;albero realizzata in HDF di alta qualit\u00e0. Perfetto per l&#039;arredamento moderno, questo quadro da parete a tre pannelli aggiunge un tocco di natura ed eleganza a qualsiasi ambiente. Acquista ora!\" \/>\n<meta name=\"robots\" content=\"index, follow, max-snippet:-1, max-image-preview:large, max-video-preview:-1\" \/>\n<link rel=\"canonical\" href=\"https:\/\/feeldis.com\/it\/store\/arte-da-parete-con-rami-di-alberi-eleganti-materiale-hdf\/\" \/>\n<meta property=\"og:locale\" content=\"it_IT\" \/>\n<meta property=\"og:type\" content=\"article\" \/>\n<meta property=\"og:title\" content=\"Arte da parete con rami di alberi eleganti - Materiale HDF\" \/>\n<meta property=\"og:description\" content=\"Scoprite l&#039;elegante arte dei rami d&#039;albero realizzata in HDF di alta qualit\u00e0. Perfetto per l&#039;arredamento moderno, questo quadro da parete a tre pannelli aggiunge un tocco di natura ed eleganza a qualsiasi ambiente. Acquista ora!\" \/>\n<meta property=\"og:url\" content=\"https:\/\/feeldis.com\/it\/store\/arte-da-parete-con-rami-di-alberi-eleganti-materiale-hdf\/\" \/>\n<meta property=\"og:site_name\" content=\"feeldis.com\" \/>\n<meta property=\"og:image\" content=\"https:\/\/feeldis.com\/wp-content\/uploads\/2024\/07\/Tree-wall-decor-E0022120-3.jpg\" \/>\n\t<meta property=\"og:image:width\" content=\"1024\" \/>\n\t<meta property=\"og:image:height\" content=\"1280\" \/>\n\t<meta property=\"og:image:type\" content=\"image\/jpeg\" \/>\n<meta name=\"twitter:card\" content=\"summary_large_image\" \/>\n<meta name=\"twitter:label1\" content=\"Prezzo\" \/>\n\t<meta name=\"twitter:data1\" content=\"42,00&nbsp;&euro;\" \/>\n\t<meta name=\"twitter:label2\" content=\"Disponibilit\u00e0\" \/>\n\t<meta name=\"twitter:data2\" content=\"In stock\" \/>\n<script type=\"application\/ld+json\" class=\"yoast-schema-graph\">{\"@context\":\"https:\\\/\\\/schema.org\",\"@graph\":[{\"@type\":\"WebPage\",\"@id\":\"https:\\\/\\\/feeldis.com\\\/it\\\/store\\\/arte-da-parete-con-rami-di-alberi-eleganti-materiale-hdf\\\/\",\"url\":\"https:\\\/\\\/feeldis.com\\\/it\\\/store\\\/arte-da-parete-con-rami-di-alberi-eleganti-materiale-hdf\\\/\",\"name\":\"Arte da parete con rami di alberi eleganti - Materiale HDF &#8226; feeldis.com\",\"isPartOf\":{\"@id\":\"https:\\\/\\\/feeldis.com\\\/it\\\/#website\"},\"primaryImageOfPage\":{\"@id\":\"https:\\\/\\\/feeldis.com\\\/it\\\/store\\\/arte-da-parete-con-rami-di-alberi-eleganti-materiale-hdf\\\/#primaryimage\"},\"image\":{\"@id\":\"https:\\\/\\\/feeldis.com\\\/it\\\/store\\\/arte-da-parete-con-rami-di-alberi-eleganti-materiale-hdf\\\/#primaryimage\"},\"thumbnailUrl\":\"https:\\\/\\\/feeldis.com\\\/wp-content\\\/uploads\\\/2024\\\/07\\\/Tree-wall-decor-E0022120-3.jpg\",\"datePublished\":\"2024-07-19T08:54:18+00:00\",\"description\":\"Scoprite l'elegante arte dei rami d'albero realizzata in HDF di alta qualit\u00e0. Perfetto per l'arredamento moderno, questo quadro da parete a tre pannelli aggiunge un tocco di natura ed eleganza a qualsiasi ambiente. Acquista ora!\",\"breadcrumb\":{\"@id\":\"https:\\\/\\\/feeldis.com\\\/it\\\/store\\\/arte-da-parete-con-rami-di-alberi-eleganti-materiale-hdf\\\/#breadcrumb\"},\"inLanguage\":\"it-IT\",\"potentialAction\":[{\"@type\":\"ReadAction\",\"target\":[\"https:\\\/\\\/feeldis.com\\\/it\\\/store\\\/arte-da-parete-con-rami-di-alberi-eleganti-materiale-hdf\\\/\"]}]},{\"@type\":\"ImageObject\",\"inLanguage\":\"it-IT\",\"@id\":\"https:\\\/\\\/feeldis.com\\\/it\\\/store\\\/arte-da-parete-con-rami-di-alberi-eleganti-materiale-hdf\\\/#primaryimage\",\"url\":\"https:\\\/\\\/feeldis.com\\\/wp-content\\\/uploads\\\/2024\\\/07\\\/Tree-wall-decor-E0022120-3.jpg\",\"contentUrl\":\"https:\\\/\\\/feeldis.com\\\/wp-content\\\/uploads\\\/2024\\\/07\\\/Tree-wall-decor-E0022120-3.jpg\",\"width\":1024,\"height\":1280,\"caption\":\"The Elegant Tree Branch Wall Art adds a touch of nature and elegance to this modern bedroom with blue accents.\"},{\"@type\":\"BreadcrumbList\",\"@id\":\"https:\\\/\\\/feeldis.com\\\/it\\\/store\\\/arte-da-parete-con-rami-di-alberi-eleganti-materiale-hdf\\\/#breadcrumb\",\"itemListElement\":[{\"@type\":\"ListItem\",\"position\":1,\"name\":\"Home\",\"item\":\"https:\\\/\\\/feeldis.com\\\/it\\\/art-zone\\\/\"},{\"@type\":\"ListItem\",\"position\":2,\"name\":\"Store\",\"item\":\"https:\\\/\\\/feeldis.com\\\/store\\\/\"},{\"@type\":\"ListItem\",\"position\":3,\"name\":\"Arte da parete con rami di alberi eleganti &#8211; Materiale HDF\"}]},{\"@type\":\"WebSite\",\"@id\":\"https:\\\/\\\/feeldis.com\\\/it\\\/#website\",\"url\":\"https:\\\/\\\/feeldis.com\\\/it\\\/\",\"name\":\"feeldis.com\",\"description\":\"\",\"publisher\":{\"@id\":\"https:\\\/\\\/feeldis.com\\\/it\\\/#organization\"},\"potentialAction\":[{\"@type\":\"SearchAction\",\"target\":{\"@type\":\"EntryPoint\",\"urlTemplate\":\"https:\\\/\\\/feeldis.com\\\/it\\\/?s={search_term_string}\"},\"query-input\":{\"@type\":\"PropertyValueSpecification\",\"valueRequired\":true,\"valueName\":\"search_term_string\"}}],\"inLanguage\":\"it-IT\"},{\"@type\":\"Organization\",\"@id\":\"https:\\\/\\\/feeldis.com\\\/it\\\/#organization\",\"name\":\"feeldis.com\",\"url\":\"https:\\\/\\\/feeldis.com\\\/it\\\/\",\"logo\":{\"@type\":\"ImageObject\",\"inLanguage\":\"it-IT\",\"@id\":\"https:\\\/\\\/feeldis.com\\\/it\\\/#\\\/schema\\\/logo\\\/image\\\/\",\"url\":\"https:\\\/\\\/feeldis.com\\\/wp-content\\\/uploads\\\/2024\\\/03\\\/logo-main-feeldis.png\",\"contentUrl\":\"https:\\\/\\\/feeldis.com\\\/wp-content\\\/uploads\\\/2024\\\/03\\\/logo-main-feeldis.png\",\"width\":1070,\"height\":272,\"caption\":\"feeldis.com\"},\"image\":{\"@id\":\"https:\\\/\\\/feeldis.com\\\/it\\\/#\\\/schema\\\/logo\\\/image\\\/\"}}]}<\/script>\n<meta property=\"product:price:amount\" content=\"42.00\" \/>\n<meta property=\"product:price:currency\" content=\"EUR\" \/>\n<meta property=\"og:availability\" content=\"instock\" \/>\n<meta property=\"product:availability\" content=\"instock\" \/>\n<meta property=\"product:retailer_item_id\" content=\"D0882\" \/>\n<meta property=\"product:condition\" content=\"new\" \/>\n<!-- \/ Yoast SEO Premium plugin. -->","yoast_head_json":{"title":"Arte da parete con rami di alberi eleganti - Materiale HDF &#8226; feeldis.com","description":"Scoprite l'elegante arte dei rami d'albero realizzata in HDF di alta qualit\u00e0. Perfetto per l'arredamento moderno, questo quadro da parete a tre pannelli aggiunge un tocco di natura ed eleganza a qualsiasi ambiente. Acquista ora!","robots":{"index":"index","follow":"follow","max-snippet":"max-snippet:-1","max-image-preview":"max-image-preview:large","max-video-preview":"max-video-preview:-1"},"canonical":"https:\/\/feeldis.com\/it\/store\/arte-da-parete-con-rami-di-alberi-eleganti-materiale-hdf\/","og_locale":"it_IT","og_type":"article","og_title":"Arte da parete con rami di alberi eleganti - Materiale HDF","og_description":"Scoprite l'elegante arte dei rami d'albero realizzata in HDF di alta qualit\u00e0. Perfetto per l'arredamento moderno, questo quadro da parete a tre pannelli aggiunge un tocco di natura ed eleganza a qualsiasi ambiente. Acquista ora!","og_url":"https:\/\/feeldis.com\/it\/store\/arte-da-parete-con-rami-di-alberi-eleganti-materiale-hdf\/","og_site_name":"feeldis.com","og_image":[{"width":1024,"height":1280,"url":"https:\/\/feeldis.com\/wp-content\/uploads\/2024\/07\/Tree-wall-decor-E0022120-3.jpg","type":"image\/jpeg"}],"twitter_card":"summary_large_image","twitter_misc":{"Prezzo":"42,00&nbsp;&euro;","Disponibilit\u00e0":"In stock"},"schema":{"@context":"https:\/\/schema.org","@graph":[{"@type":"WebPage","@id":"https:\/\/feeldis.com\/it\/store\/arte-da-parete-con-rami-di-alberi-eleganti-materiale-hdf\/","url":"https:\/\/feeldis.com\/it\/store\/arte-da-parete-con-rami-di-alberi-eleganti-materiale-hdf\/","name":"Arte da parete con rami di alberi eleganti - Materiale HDF &#8226; feeldis.com","isPartOf":{"@id":"https:\/\/feeldis.com\/it\/#website"},"primaryImageOfPage":{"@id":"https:\/\/feeldis.com\/it\/store\/arte-da-parete-con-rami-di-alberi-eleganti-materiale-hdf\/#primaryimage"},"image":{"@id":"https:\/\/feeldis.com\/it\/store\/arte-da-parete-con-rami-di-alberi-eleganti-materiale-hdf\/#primaryimage"},"thumbnailUrl":"https:\/\/feeldis.com\/wp-content\/uploads\/2024\/07\/Tree-wall-decor-E0022120-3.jpg","datePublished":"2024-07-19T08:54:18+00:00","description":"Scoprite l'elegante arte dei rami d'albero realizzata in HDF di alta qualit\u00e0. Perfetto per l'arredamento moderno, questo quadro da parete a tre pannelli aggiunge un tocco di natura ed eleganza a qualsiasi ambiente. Acquista ora!","breadcrumb":{"@id":"https:\/\/feeldis.com\/it\/store\/arte-da-parete-con-rami-di-alberi-eleganti-materiale-hdf\/#breadcrumb"},"inLanguage":"it-IT","potentialAction":[{"@type":"ReadAction","target":["https:\/\/feeldis.com\/it\/store\/arte-da-parete-con-rami-di-alberi-eleganti-materiale-hdf\/"]}]},{"@type":"ImageObject","inLanguage":"it-IT","@id":"https:\/\/feeldis.com\/it\/store\/arte-da-parete-con-rami-di-alberi-eleganti-materiale-hdf\/#primaryimage","url":"https:\/\/feeldis.com\/wp-content\/uploads\/2024\/07\/Tree-wall-decor-E0022120-3.jpg","contentUrl":"https:\/\/feeldis.com\/wp-content\/uploads\/2024\/07\/Tree-wall-decor-E0022120-3.jpg","width":1024,"height":1280,"caption":"The Elegant Tree Branch Wall Art adds a touch of nature and elegance to this modern bedroom with blue accents."},{"@type":"BreadcrumbList","@id":"https:\/\/feeldis.com\/it\/store\/arte-da-parete-con-rami-di-alberi-eleganti-materiale-hdf\/#breadcrumb","itemListElement":[{"@type":"ListItem","position":1,"name":"Home","item":"https:\/\/feeldis.com\/it\/art-zone\/"},{"@type":"ListItem","position":2,"name":"Store","item":"https:\/\/feeldis.com\/store\/"},{"@type":"ListItem","position":3,"name":"Arte da parete con rami di alberi eleganti &#8211; Materiale HDF"}]},{"@type":"WebSite","@id":"https:\/\/feeldis.com\/it\/#website","url":"https:\/\/feeldis.com\/it\/","name":"feeldis.com","description":"","publisher":{"@id":"https:\/\/feeldis.com\/it\/#organization"},"potentialAction":[{"@type":"SearchAction","target":{"@type":"EntryPoint","urlTemplate":"https:\/\/feeldis.com\/it\/?s={search_term_string}"},"query-input":{"@type":"PropertyValueSpecification","valueRequired":true,"valueName":"search_term_string"}}],"inLanguage":"it-IT"},{"@type":"Organization","@id":"https:\/\/feeldis.com\/it\/#organization","name":"feeldis.com","url":"https:\/\/feeldis.com\/it\/","logo":{"@type":"ImageObject","inLanguage":"it-IT","@id":"https:\/\/feeldis.com\/it\/#\/schema\/logo\/image\/","url":"https:\/\/feeldis.com\/wp-content\/uploads\/2024\/03\/logo-main-feeldis.png","contentUrl":"https:\/\/feeldis.com\/wp-content\/uploads\/2024\/03\/logo-main-feeldis.png","width":1070,"height":272,"caption":"feeldis.com"},"image":{"@id":"https:\/\/feeldis.com\/it\/#\/schema\/logo\/image\/"}}]},"product_price_amount":"42.00","product_price_currency":"EUR","og_availability":"instock","product_availability":"instock","product_retailer_item_id":"D0882","product_condition":"new"},"_links":{"self":[{"href":"https:\/\/feeldis.com\/it\/wp-json\/wp\/v2\/product\/2599","targetHints":{"allow":["GET"]}}],"collection":[{"href":"https:\/\/feeldis.com\/it\/wp-json\/wp\/v2\/product"}],"about":[{"href":"https:\/\/feeldis.com\/it\/wp-json\/wp\/v2\/types\/product"}],"replies":[{"embeddable":true,"href":"https:\/\/feeldis.com\/it\/wp-json\/wp\/v2\/comments?post=2599"}],"wp:featuredmedia":[{"embeddable":true,"href":"https:\/\/feeldis.com\/it\/wp-json\/wp\/v2\/media\/2575"}],"wp:attachment":[{"href":"https:\/\/feeldis.com\/it\/wp-json\/wp\/v2\/media?parent=2599"}],"wp:term":[{"taxonomy":"product_brand","embeddable":true,"href":"https:\/\/feeldis.com\/it\/wp-json\/wp\/v2\/product_brand?post=2599"},{"taxonomy":"product_cat","embeddable":true,"href":"https:\/\/feeldis.com\/it\/wp-json\/wp\/v2\/product_cat?post=2599"},{"taxonomy":"product_tag","embeddable":true,"href":"https:\/\/feeldis.com\/it\/wp-json\/wp\/v2\/product_tag?post=2599"}],"curies":[{"name":"wp","href":"https:\/\/api.w.org\/{rel}","templated":true}]}}